{"id":21,"date":"2023-10-23T17:00:41","date_gmt":"2023-10-23T15:00:41","guid":{"rendered":"https:\/\/webjour.iutlan.univ-rennes1.fr\/rouptier\/?page_id=21"},"modified":"2023-10-23T17:05:15","modified_gmt":"2023-10-23T15:05:15","slug":"elementor-21","status":"publish","type":"page","link":"https:\/\/webjour.iutlan.univ-rennes1.fr\/rouptier\/?page_id=21","title":{"rendered":"Elementor #21"},"content":{"rendered":"\t\t<div data-elementor-type=\"wp-post\" data-elementor-id=\"21\" class=\"elementor elementor-21\">\n\t\t\t\t<div class=\"elementor-element elementor-element-879f127 e-flex e-con-boxed e-con e-parent\" data-id=\"879f127\" data-element_type=\"container\" data-e-type=\"container\">\n\t\t\t\t\t<div class=\"e-con-inner\">\n\t\t<div class=\"elementor-element elementor-element-78a4f33 e-con-full e-flex e-con e-child\" data-id=\"78a4f33\" data-element_type=\"container\" data-e-type=\"container\">\n\t\t\t\t<\/div>\n\t\t<div class=\"elementor-element elementor-element-3170453 e-con-full e-flex e-con e-child\" data-id=\"3170453\" data-element_type=\"container\" data-e-type=\"container\">\n\t\t\t\t<div class=\"elementor-element elementor-element-a586dba elementor-view-stacked elementor-shape-circle elementor-widget elementor-widget-icon\" data-id=\"a586dba\" data-element_type=\"widget\" data-e-type=\"widget\" data-widget_type=\"icon.default\">\n\t\t\t\t<div class=\"elementor-widget-container\">\n\t\t\t\t\t\t\t<div class=\"elementor-icon-wrapper\">\n\t\t\t<a class=\"elementor-icon\" href=\"https:\/\/www.youtube.com\/watch?v=O4ACXQxCgc8&#038;pp=ygUHbCdheml6YQ%3D%3D\">\n\t\t\t<i aria-hidden=\"true\" class=\"fas fa-helicopter\"><\/i>\t\t\t<\/a>\n\t\t<\/div>\n\t\t\t\t\t\t<\/div>\n\t\t\t\t<\/div>\n\t\t\t\t<\/div>\n\t\t<div class=\"elementor-element elementor-element-575c330 e-con-full e-flex e-con e-child\" data-id=\"575c330\" data-element_type=\"container\" data-e-type=\"container\">\n\t\t\t\t<div class=\"elementor-element elementor-element-878ddac elementor-widget elementor-widget-heading\" data-id=\"878ddac\" data-element_type=\"widget\" data-e-type=\"widget\" data-widget_type=\"heading.default\">\n\t\t\t\t<div class=\"elementor-widget-container\">\n\t\t\t\t\t<h2 class=\"elementor-heading-title elementor-size-default\">Daniel Balavoine<\/h2>\t\t\t\t<\/div>\n\t\t\t\t<\/div>\n\t\t\t\t<div class=\"elementor-element elementor-element-0211869 elementor-widget elementor-widget-image\" data-id=\"0211869\" data-element_type=\"widget\" data-e-type=\"widget\" data-widget_type=\"image.default\">\n\t\t\t\t<div class=\"elementor-widget-container\">\n\t\t\t\t\t\t\t\t\t\t\t\t\t\t\t<img fetchpriority=\"high\" decoding=\"async\" width=\"1024\" height=\"655\" src=\"https:\/\/webjour.iutlan.univ-rennes1.fr\/rouptier\/wp-content\/uploads\/2023\/10\/1200x768_daniel-balavoine-tournage-clip-1985-1024x655.webp\" class=\"attachment-large size-large wp-image-9\" alt=\"\" srcset=\"https:\/\/webjour.iutlan.univ-rennes1.fr\/rouptier\/wp-content\/uploads\/2023\/10\/1200x768_daniel-balavoine-tournage-clip-1985-1024x655.webp 1024w, https:\/\/webjour.iutlan.univ-rennes1.fr\/rouptier\/wp-content\/uploads\/2023\/10\/1200x768_daniel-balavoine-tournage-clip-1985-300x192.webp 300w, https:\/\/webjour.iutlan.univ-rennes1.fr\/rouptier\/wp-content\/uploads\/2023\/10\/1200x768_daniel-balavoine-tournage-clip-1985-768x492.webp 768w, https:\/\/webjour.iutlan.univ-rennes1.fr\/rouptier\/wp-content\/uploads\/2023\/10\/1200x768_daniel-balavoine-tournage-clip-1985.webp 1200w\" sizes=\"(max-width: 1024px) 100vw, 1024px\" \/>\t\t\t\t\t\t\t\t\t\t\t\t\t\t\t<\/div>\n\t\t\t\t<\/div>\n\t\t\t\t<\/div>\n\t\t\t\t<div class=\"elementor-element elementor-element-47c7be4 elementor-widget elementor-widget-text-editor\" data-id=\"47c7be4\" data-element_type=\"widget\" data-e-type=\"widget\" data-widget_type=\"text-editor.default\">\n\t\t\t\t<div class=\"elementor-widget-container\">\n\t\t\t\t\t\t\t\t\t<p>Ci-dessous une excellente blague !!<\/p>\t\t\t\t\t\t\t\t<\/div>\n\t\t\t\t<\/div>\n\t\t<div class=\"elementor-element elementor-element-c854898 e-con-full e-flex e-con e-child\" data-id=\"c854898\" data-element_type=\"container\" data-e-type=\"container\">\n\t\t\t\t<div class=\"elementor-element elementor-element-f55e9f5 elementor-widget elementor-widget-text-editor\" data-id=\"f55e9f5\" data-element_type=\"widget\" data-e-type=\"widget\" data-widget_type=\"text-editor.default\">\n\t\t\t\t<div class=\"elementor-widget-container\">\n\t\t\t\t\t\t\t\t\t<h1>Tu connais la diff\u00e9rence entre un h\u00e9licopt\u00e8re et une moissonneuse-batteuse ?<\/h1>\t\t\t\t\t\t\t\t<\/div>\n\t\t\t\t<\/div>\n\t\t\t\t<\/div>\n\t\t\t\t\t<\/div>\n\t\t\t\t<\/div>\n\t\t\t\t<\/div>\n\t\t","protected":false},"excerpt":{"rendered":"<p>Daniel Balavoine Ci-dessous une excellente blague !! Tu connais la diff\u00e9rence entre un h\u00e9licopt\u00e8re et une moissonneuse-batteuse ?<\/p>\n","protected":false},"author":1,"featured_media":0,"parent":0,"menu_order":0,"comment_status":"closed","ping_status":"closed","template":"page-templates\/template-pagebuilder-full-width.php","meta":{"neve_meta_sidebar":"","neve_meta_container":"","neve_meta_enable_content_width":"","neve_meta_content_width":0,"neve_meta_title_alignment":"","neve_meta_author_avatar":"","neve_post_elements_order":"","neve_meta_disable_header":"","neve_meta_disable_footer":"","neve_meta_disable_title":"","footnotes":""},"class_list":["post-21","page","type-page","status-publish","hentry"],"_links":{"self":[{"href":"https:\/\/webjour.iutlan.univ-rennes1.fr\/rouptier\/index.php?rest_route=\/wp\/v2\/pages\/21","targetHints":{"allow":["GET"]}}],"collection":[{"href":"https:\/\/webjour.iutlan.univ-rennes1.fr\/rouptier\/index.php?rest_route=\/wp\/v2\/pages"}],"about":[{"href":"https:\/\/webjour.iutlan.univ-rennes1.fr\/rouptier\/index.php?rest_route=\/wp\/v2\/types\/page"}],"author":[{"embeddable":true,"href":"https:\/\/webjour.iutlan.univ-rennes1.fr\/rouptier\/index.php?rest_route=\/wp\/v2\/users\/1"}],"replies":[{"embeddable":true,"href":"https:\/\/webjour.iutlan.univ-rennes1.fr\/rouptier\/index.php?rest_route=%2Fwp%2Fv2%2Fcomments&post=21"}],"version-history":[{"count":8,"href":"https:\/\/webjour.iutlan.univ-rennes1.fr\/rouptier\/index.php?rest_route=\/wp\/v2\/pages\/21\/revisions"}],"predecessor-version":[{"id":33,"href":"https:\/\/webjour.iutlan.univ-rennes1.fr\/rouptier\/index.php?rest_route=\/wp\/v2\/pages\/21\/revisions\/33"}],"wp:attachment":[{"href":"https:\/\/webjour.iutlan.univ-rennes1.fr\/rouptier\/index.php?rest_route=%2Fwp%2Fv2%2Fmedia&parent=21"}],"curies":[{"name":"wp","href":"https:\/\/api.w.org\/{rel}","templated":true}]}}