{"id":177,"date":"2025-12-06T17:15:47","date_gmt":"2025-12-06T16:15:47","guid":{"rendered":"https:\/\/webjour.iutlan.univ-rennes1.fr\/nvaillant\/?page_id=177"},"modified":"2025-12-12T13:35:04","modified_gmt":"2025-12-12T12:35:04","slug":"veille-informationnelle-du-jeudi-11-12","status":"publish","type":"page","link":"https:\/\/webjour.iutlan.univ-rennes1.fr\/nvaillant\/veille-informationnelle-du-jeudi-11-12\/","title":{"rendered":"Veille informationnelle du jeudi 11\/12"},"content":{"rendered":"\t\t<div data-elementor-type=\"wp-page\" data-elementor-id=\"177\" class=\"elementor elementor-177\" data-elementor-settings=\"{&quot;ha_cmc_init_switcher&quot;:&quot;no&quot;}\">\n\t\t\t\t<div class=\"elementor-element elementor-element-7efa790c e-flex e-con-boxed e-con e-parent\" data-id=\"7efa790c\" data-element_type=\"container\" data-e-type=\"container\" data-settings=\"{&quot;_ha_eqh_enable&quot;:false}\">\n\t\t\t\t\t<div class=\"e-con-inner\">\n\t\t\t\t<div class=\"elementor-element elementor-element-7eeda4ce elementor-widget elementor-widget-text-editor\" data-id=\"7eeda4ce\" data-element_type=\"widget\" data-e-type=\"widget\" data-widget_type=\"text-editor.default\">\n\t\t\t\t\t\t\t\t\t<p>Le m\u00e9dia 20 Minutes sous tension<\/p>\n<p><\/p>\n<p>J\u2019ai choisi de r\u00e9aliser cette veille informationnelle sur la situation de 20 Minutes, car le m\u00e9dia num\u00e9rique se transforme.<\/p>\n<p><!-- \/wp:paragraph --><\/p>\n<p><!-- wp:paragraph --><\/p>\n<p>Cette actualit\u00e9 me para\u00eet int\u00e9ressante puisqu&rsquo;elle inqui\u00e8te sur <br>l&rsquo;avenir du journalisme gratuit qui est propos\u00e9 par le m\u00e9dia. Comprendre ce qui se joue autour du capital \u00e9conomique de 20 Minutes permet d\u2019observer comment \u00e9voluent les mod\u00e8les m\u00e9diatiques face \u00e0 la crise du financement de la presse par la publicit\u00e9. De plus, \u00e0 la transition num\u00e9rique qui touche plus 20 Minutes puisque le m\u00e9dia est seulement sur ce format.<\/p>\n<p>La situation&nbsp;<\/p>\n<p><!-- \/wp:paragraph --><\/p>\n<p><!-- wp:paragraph --><\/p>\n<p>Depuis d\u00e9but d\u00e9cembre 2025, plusieurs m\u00e9dias fran\u00e7ais ont r\u00e9v\u00e9l\u00e9 que SIPA Ouest-France souhaite se retirer du capital de 20 Minutes, dont il d\u00e9tient 50 %. L\u2019information est d\u2019abord parue dans Le Monde, qui explique que SIPA d\u00e9sire se recentrer sur ses activit\u00e9s principales , le quotidien Ouest-France et sa cha\u00eene de t\u00e9l\u00e9vision, NOVO19. <a href=\"https:\/\/www.lemonde.fr\/economie\/article\/2025\/12\/04\/sipa-ouest-france-veut-sortir-du-capital-de-20-minutes_6656046_3234.html?utm_source=chatgpt.com\">Le groupe SIPA a affirm\u00e9 qu\u2019il ne souhaite plus financer les pertes du groupe 20 Minutes.<\/a><\/p>\n<p>Le possible rachat<\/p>\n<p><!-- \/wp:paragraph --><\/p>\n<p><!-- wp:paragraph --><\/p>\n<p>D&rsquo;un autre c\u00f4t\u00e9, le groupe belge Rossel, co-actionnaire actuel de 20 Minutes avec le groupe SIPA, a indiqu\u00e9 \u00eatre int\u00e9ress\u00e9 pour racheter l\u2019int\u00e9gralit\u00e9 des parts du journal. Cependant, Rossel pose une condition pour le racheter : Les syndicats doivent signer un accord sur les droits d\u2019auteur et les droits voisins, d\u2019ici au 15&nbsp;d\u00e9cembre, sinon il ne signerait pas le rachat du m\u00e9dia. Cependant, 2 syndicats sur 3 n&rsquo;ont pour l&rsquo;instant pas signer ces droits ce qui bloque la situation. Ils s&rsquo;expliquent par le fait de vouloir appliquer le \u00ab\u00a0cadre l\u00e9gal\u00a0\u00bb. Ce d\u00e9saccord se base sur les droits voisins des journalistes, alors que les n\u00e9gociations entre la direction en difficult\u00e9 et les syndicats reste au point mort depuis 2 ans. Cette somme repr\u00e9sente 660 euros par an pour la direction soit 5% de la somme donn\u00e9e par les GAFAM alors que les syndicats propose 2000 \u00e0 3000 euros, le cadre l\u00e9gal des droits voisins en 2024, soit 18%.<\/p>\n<p>C&rsquo;est plut\u00f4t int\u00e9ressant de voir la menace sur l\u2019avenir de 20 Minutes,<a href=\"https:\/\/www.notretemps.com\/depeches\/20-minutes-sipa-ouest-france-souhaite-ceder-ses-parts-a-rossel-124968\"> qui pourrait \u00eatre revendu \u00e0 un autre acteur ou m\u00eame risquer une proc\u00e9dure judiciaire en cas d\u2019absence de repreneur.<\/a><\/p>\n<p><!-- \/wp:paragraph --><\/p>\n<p><!-- wp:paragraph --><\/p>\n<p>Pourtant, les audiences du m\u00e9dia sont en forte hausse. <a href=\"https:\/\/www.20minutes-media.com\/content\/uploads\/2025\/10\/Communique-de-presse-20-Minutes-1410.docx-1-1.pdf\">Un communiqu\u00e9 interne de 20 Minutes diffus\u00e9 r\u00e9cemment, le 14 octobre, montre une progression nette de la fr\u00e9quentation du m\u00e9dia.<\/a>&nbsp;Cette fr\u00e9quentation se base sur une transformation du num\u00e9rique pars de nouvelles m\u00e9thodes de publication comme des vid\u00e9os. L&rsquo;audience a augment\u00e9 de 47% depuis&nbsp; 1 an, alors que la consommation de vid\u00e9os a \u00e9galement fait un boom de 55%, notamment par l&rsquo;augmentation de ces produits.&nbsp;<\/p>\n<p><!-- \/wp:paragraph --><\/p>\n<p><!-- wp:paragraph --><\/p>\n<p>Enfin, cela nous montre que l\u2019audience ne suffit plus \u00e0 garantir la rentabilit\u00e9 d\u2019un mod\u00e8le bas\u00e9 presque exclusivement sur la publicit\u00e9 num\u00e9rique.<\/p>\n<p><!-- \/wp:paragraph --><\/p>\t\t\t\t\t\t\t\t<\/div>\n\t\t\t\t\t<\/div>\n\t\t\t\t<\/div>\n\t\t<div class=\"elementor-element elementor-element-d2d66b6 e-flex e-con-boxed e-con e-parent\" data-id=\"d2d66b6\" data-element_type=\"container\" data-e-type=\"container\" data-settings=\"{&quot;_ha_eqh_enable&quot;:false}\">\n\t\t\t\t\t<div class=\"e-con-inner\">\n\t\t\t\t<div class=\"elementor-element elementor-element-d2efb37 elementor-widget elementor-widget-image\" data-id=\"d2efb37\" data-element_type=\"widget\" data-e-type=\"widget\" data-widget_type=\"image.default\">\n\t\t\t\t\t\t\t\t\t\t\t\t\t\t\t<img fetchpriority=\"high\" decoding=\"async\" width=\"225\" height=\"225\" src=\"https:\/\/webjour.iutlan.univ-rennes1.fr\/nvaillant\/wp-content\/uploads\/2025\/12\/logo-20-Minutes.png\" class=\"attachment-large size-large wp-image-180\" alt=\"\" srcset=\"https:\/\/webjour.iutlan.univ-rennes1.fr\/nvaillant\/wp-content\/uploads\/2025\/12\/logo-20-Minutes.png 225w, https:\/\/webjour.iutlan.univ-rennes1.fr\/nvaillant\/wp-content\/uploads\/2025\/12\/logo-20-Minutes-150x150.png 150w\" sizes=\"(max-width: 225px) 100vw, 225px\" \/>\t\t\t\t\t\t\t\t\t\t\t\t\t\t\t<\/div>\n\t\t\t\t\t<\/div>\n\t\t\t\t<\/div>\n\t\t\t\t<\/div>\n\t\t","protected":false},"excerpt":{"rendered":"<p>Le m\u00e9dia 20 Minutes sous tension J\u2019ai choisi de r\u00e9aliser cette veille informationnelle sur la situation de 20 Minutes, car le m\u00e9dia num\u00e9rique se transforme. Cette actualit\u00e9 me para\u00eet int\u00e9ressante puisqu&rsquo;elle inqui\u00e8te sur l&rsquo;avenir du journalisme gratuit qui est propos\u00e9 par le m\u00e9dia. Comprendre ce qui se joue autour du capital \u00e9conomique de 20 Minutes [&hellip;]<\/p>\n","protected":false},"author":1,"featured_media":0,"parent":0,"menu_order":0,"comment_status":"closed","ping_status":"closed","template":"","meta":{"footnotes":""},"class_list":["post-177","page","type-page","status-publish","hentry"],"_links":{"self":[{"href":"https:\/\/webjour.iutlan.univ-rennes1.fr\/nvaillant\/wp-json\/wp\/v2\/pages\/177","targetHints":{"allow":["GET"]}}],"collection":[{"href":"https:\/\/webjour.iutlan.univ-rennes1.fr\/nvaillant\/wp-json\/wp\/v2\/pages"}],"about":[{"href":"https:\/\/webjour.iutlan.univ-rennes1.fr\/nvaillant\/wp-json\/wp\/v2\/types\/page"}],"author":[{"embeddable":true,"href":"https:\/\/webjour.iutlan.univ-rennes1.fr\/nvaillant\/wp-json\/wp\/v2\/users\/1"}],"replies":[{"embeddable":true,"href":"https:\/\/webjour.iutlan.univ-rennes1.fr\/nvaillant\/wp-json\/wp\/v2\/comments?post=177"}],"version-history":[{"count":16,"href":"https:\/\/webjour.iutlan.univ-rennes1.fr\/nvaillant\/wp-json\/wp\/v2\/pages\/177\/revisions"}],"predecessor-version":[{"id":367,"href":"https:\/\/webjour.iutlan.univ-rennes1.fr\/nvaillant\/wp-json\/wp\/v2\/pages\/177\/revisions\/367"}],"wp:attachment":[{"href":"https:\/\/webjour.iutlan.univ-rennes1.fr\/nvaillant\/wp-json\/wp\/v2\/media?parent=177"}],"curies":[{"name":"wp","href":"https:\/\/api.w.org\/{rel}","templated":true}]}}