{"id":154,"date":"2025-12-09T17:54:14","date_gmt":"2025-12-09T16:54:14","guid":{"rendered":"https:\/\/webjour.iutlan.univ-rennes1.fr\/lrivron\/?page_id=154"},"modified":"2025-12-16T17:53:33","modified_gmt":"2025-12-16T16:53:33","slug":"communique-snj-journalistes-de-splann-refoules-la-liberte-dinformer-attaquee-par-le-conseil-departemental-du-finistere","status":"publish","type":"page","link":"https:\/\/webjour.iutlan.univ-rennes1.fr\/lrivron\/communique-snj-journalistes-de-splann-refoules-la-liberte-dinformer-attaquee-par-le-conseil-departemental-du-finistere\/","title":{"rendered":"Communiqu\u00e9 SNJ : Journalistes de Splann! refoul\u00e9s : la libert\u00e9 d&rsquo;informer attaqu\u00e9e par le conseil d\u00e9partemental du Finist\u00e8re"},"content":{"rendered":"\n<p>L\u2019actualit\u00e9 des m\u00e9dias que j\u2019ai choisie est <a href=\"https:\/\/www.snj.fr\/journalistes-de-splann-refoules-la-liberte-dinformer-attaquee-par-le-conseil-departemental-du\/2534\" data-type=\"link\" data-id=\"https:\/\/www.snj.fr\/journalistes-de-splann-refoules-la-liberte-dinformer-attaquee-par-le-conseil-departemental-du\/2534\">un communiqu\u00e9 de presse publi\u00e9 le 8 d\u00e9cembre sur le site internet du Syndicat National des journalistes (SNJ)<\/a>. Dans ce communiqu\u00e9, le syndicat d\u00e9nonce des faits qui se sont produits le mercredi 3&nbsp;d\u00e9cembre, o\u00f9 deux journalistes du m\u00e9dia \u201cSplann !\u201d (m\u00e9dia d\u2019investigation en Bretagne) ont \u00e9t\u00e9 emp\u00each\u00e9s d&rsquo;assister \u00e0 une soir\u00e9e organis\u00e9e par le pr\u00e9sident du conseil d\u00e9partemental. Pourtant d\u2019autres m\u00e9dias locaux y avaient acc\u00e8s (Ouest France t\u00e9l\u00e9gramme).<\/p>\n\n\n\n<p>Ce communiqu\u00e9 m\u2019int\u00e9resse particuli\u00e8rement car celui-ci me concerne particuli\u00e8rement d\u2019un point de vue local ainsi que le fait que PY Bulteau soit journaliste chez Splann. Pour autant ce communiqu\u00e9 montre bien plus \u00e0 mes yeux qu\u2019un cas isol\u00e9 anecdotique, mais plut\u00f4t une preuve du pouvoir de certaines institutions de choisir leurs journalistes. Ces journalistes ont donc \u00e9t\u00e9 emp\u00each\u00e9s de faire leur travail.<\/p>\n\n\n\n<p>Alors que les tensions entre institutions publiques et journalistes se multiplient, des journalistes d\u2019investigation locaux ont \u00e9t\u00e9 emp\u00each\u00e9s d\u2019acc\u00e9der \u00e0 l&rsquo;\u00e9v\u00e9nement. Le travail d&rsquo;enqu\u00eate de Splann ! semble d\u00e9ranger certains politiques. Cette affaire rappelle \u00e0 mes yeux \u00e0 quel point les m\u00e9dias d&rsquo;enqu\u00eates r\u00e9gionaux sont essentiels \u00e0 la transparence d\u00e9mocratique, mais qu\u2019ils restent fragiles face aux pouvoirs politiques.<\/p>\n\n\n\n<p>Pour moi cet \u00e9v\u00e9nement montre une certaine normalisation du tri des journalistes, selon leur ligne \u00e9ditoriale ou leurs enqu\u00eates pass\u00e9es. Ce refoulement fait \u00e9galement suite au <a href=\"https:\/\/www.mediapart.fr\/journal\/politique\/220825\/refus-d-accrediter-un-journaliste-la-france-insoumise-s-enlise-dans-son-hostilite-l-egard-des-medias\">refus de La France Insoumise d&rsquo;accueillir un journaliste du Monde<\/a> suite \u00e0 ces publications concernant le parti en question.<\/p>\n\n\n\n<p><\/p>\n","protected":false},"excerpt":{"rendered":"<p>L\u2019actualit\u00e9 des m\u00e9dias que j\u2019ai choisie est un communiqu\u00e9 de presse publi\u00e9 le 8 d\u00e9cembre sur le site internet du Syndicat National des journalistes (SNJ). Dans ce communiqu\u00e9, le syndicat d\u00e9nonce des faits qui se sont produits le mercredi 3&nbsp;d\u00e9cembre, o\u00f9 deux journalistes du m\u00e9dia \u201cSplann !\u201d (m\u00e9dia d\u2019investigation en Bretagne) ont \u00e9t\u00e9 emp\u00each\u00e9s d&rsquo;assister [&hellip;]<\/p>\n","protected":false},"author":1,"featured_media":0,"parent":0,"menu_order":0,"comment_status":"closed","ping_status":"closed","template":"","meta":{"footnotes":""},"class_list":["post-154","page","type-page","status-publish","hentry"],"_links":{"self":[{"href":"https:\/\/webjour.iutlan.univ-rennes1.fr\/lrivron\/wp-json\/wp\/v2\/pages\/154","targetHints":{"allow":["GET"]}}],"collection":[{"href":"https:\/\/webjour.iutlan.univ-rennes1.fr\/lrivron\/wp-json\/wp\/v2\/pages"}],"about":[{"href":"https:\/\/webjour.iutlan.univ-rennes1.fr\/lrivron\/wp-json\/wp\/v2\/types\/page"}],"author":[{"embeddable":true,"href":"https:\/\/webjour.iutlan.univ-rennes1.fr\/lrivron\/wp-json\/wp\/v2\/users\/1"}],"replies":[{"embeddable":true,"href":"https:\/\/webjour.iutlan.univ-rennes1.fr\/lrivron\/wp-json\/wp\/v2\/comments?post=154"}],"version-history":[{"count":4,"href":"https:\/\/webjour.iutlan.univ-rennes1.fr\/lrivron\/wp-json\/wp\/v2\/pages\/154\/revisions"}],"predecessor-version":[{"id":178,"href":"https:\/\/webjour.iutlan.univ-rennes1.fr\/lrivron\/wp-json\/wp\/v2\/pages\/154\/revisions\/178"}],"wp:attachment":[{"href":"https:\/\/webjour.iutlan.univ-rennes1.fr\/lrivron\/wp-json\/wp\/v2\/media?parent=154"}],"curies":[{"name":"wp","href":"https:\/\/api.w.org\/{rel}","templated":true}]}}