{"id":83,"date":"2023-11-06T16:00:57","date_gmt":"2023-11-06T15:00:57","guid":{"rendered":"https:\/\/webjour.iutlan.univ-rennes1.fr\/lpin\/?page_id=83"},"modified":"2023-11-06T16:46:51","modified_gmt":"2023-11-06T15:46:51","slug":"exercice-jane-do","status":"publish","type":"page","link":"https:\/\/webjour.iutlan.univ-rennes1.fr\/lpin\/?page_id=83","title":{"rendered":"exercice jane-Do"},"content":{"rendered":"\t\t<div data-elementor-type=\"wp-page\" data-elementor-id=\"83\" class=\"elementor elementor-83\">\n\t\t\t\t<div class=\"elementor-element elementor-element-1454ad4 e-flex e-con-boxed e-con e-parent\" data-id=\"1454ad4\" data-element_type=\"container\" data-e-type=\"container\" data-settings=\"{&quot;background_background&quot;:&quot;gradient&quot;}\">\n\t\t\t\t\t<div class=\"e-con-inner\">\n\t\t\t\t<div class=\"elementor-element elementor-element-fc4db0e elementor-widget elementor-widget-heading\" data-id=\"fc4db0e\" data-element_type=\"widget\" data-e-type=\"widget\" data-widget_type=\"heading.default\">\n\t\t\t\t<div class=\"elementor-widget-container\">\n\t\t\t\t\t<h2 class=\"elementor-heading-title elementor-size-default\">Exercice Jane Do<\/h2>\t\t\t\t<\/div>\n\t\t\t\t<\/div>\n\t\t\t\t<div class=\"elementor-element elementor-element-daad88e elementor-arrows-position-inside elementor-pagination-position-outside elementor-widget elementor-widget-image-carousel\" data-id=\"daad88e\" data-element_type=\"widget\" data-e-type=\"widget\" data-settings=\"{&quot;slides_to_show&quot;:&quot;1&quot;,&quot;navigation&quot;:&quot;both&quot;,&quot;autoplay&quot;:&quot;yes&quot;,&quot;pause_on_hover&quot;:&quot;yes&quot;,&quot;pause_on_interaction&quot;:&quot;yes&quot;,&quot;autoplay_speed&quot;:5000,&quot;infinite&quot;:&quot;yes&quot;,&quot;effect&quot;:&quot;slide&quot;,&quot;speed&quot;:500}\" data-widget_type=\"image-carousel.default\">\n\t\t\t\t<div class=\"elementor-widget-container\">\n\t\t\t\t\t\t\t<div class=\"elementor-image-carousel-wrapper swiper\" role=\"region\" aria-roledescription=\"carousel\" aria-label=\"Carrousel d\u2019images\" dir=\"ltr\">\n\t\t\t<div class=\"elementor-image-carousel swiper-wrapper swiper-image-stretch\" aria-live=\"off\">\n\t\t\t\t\t\t\t\t<div class=\"swiper-slide\" role=\"group\" aria-roledescription=\"slide\" aria-label=\"1 sur 5\"><figure class=\"swiper-slide-inner\"><img decoding=\"async\" class=\"swiper-slide-image\" src=\"https:\/\/webjour.iutlan.univ-rennes1.fr\/lpin\/wp-content\/uploads\/2023\/11\/ban.jpg\" alt=\"ban\" \/><\/figure><\/div><div class=\"swiper-slide\" role=\"group\" aria-roledescription=\"slide\" aria-label=\"2 sur 5\"><figure class=\"swiper-slide-inner\"><img decoding=\"async\" class=\"swiper-slide-image\" src=\"https:\/\/webjour.iutlan.univ-rennes1.fr\/lpin\/wp-content\/uploads\/2023\/11\/ban2.jpg\" alt=\"ban2\" \/><\/figure><\/div><div class=\"swiper-slide\" role=\"group\" aria-roledescription=\"slide\" aria-label=\"3 sur 5\"><figure class=\"swiper-slide-inner\"><img decoding=\"async\" class=\"swiper-slide-image\" src=\"https:\/\/webjour.iutlan.univ-rennes1.fr\/lpin\/wp-content\/uploads\/2023\/11\/ban3.jpg\" alt=\"ban3\" \/><\/figure><\/div><div class=\"swiper-slide\" role=\"group\" aria-roledescription=\"slide\" aria-label=\"4 sur 5\"><figure class=\"swiper-slide-inner\"><img decoding=\"async\" class=\"swiper-slide-image\" src=\"https:\/\/webjour.iutlan.univ-rennes1.fr\/lpin\/wp-content\/uploads\/2023\/11\/ban4.jpg\" alt=\"ban4\" \/><\/figure><\/div><div class=\"swiper-slide\" role=\"group\" aria-roledescription=\"slide\" aria-label=\"5 sur 5\"><figure class=\"swiper-slide-inner\"><img decoding=\"async\" class=\"swiper-slide-image\" src=\"https:\/\/webjour.iutlan.univ-rennes1.fr\/lpin\/wp-content\/uploads\/2023\/11\/ban5.jpg\" alt=\"ban5\" \/><\/figure><\/div>\t\t\t<\/div>\n\t\t\t\t\t\t\t\t\t\t\t\t<div class=\"elementor-swiper-button elementor-swiper-button-prev\" role=\"button\" tabindex=\"0\">\n\t\t\t\t\t\t<i aria-hidden=\"true\" class=\"eicon-chevron-left\"><\/i>\t\t\t\t\t<\/div>\n\t\t\t\t\t<div class=\"elementor-swiper-button elementor-swiper-button-next\" role=\"button\" tabindex=\"0\">\n\t\t\t\t\t\t<i aria-hidden=\"true\" class=\"eicon-chevron-right\"><\/i>\t\t\t\t\t<\/div>\n\t\t\t\t\n\t\t\t\t\t\t\t\t\t<div class=\"swiper-pagination\"><\/div>\n\t\t\t\t\t\t\t\t\t<\/div>\n\t\t\t\t\t\t<\/div>\n\t\t\t\t<\/div>\n\t\t\t\t\t<\/div>\n\t\t\t\t<\/div>\n\t\t<div class=\"elementor-element elementor-element-5bc58aa e-flex e-con-boxed e-con e-parent\" data-id=\"5bc58aa\" data-element_type=\"container\" data-e-type=\"container\" data-settings=\"{&quot;background_background&quot;:&quot;gradient&quot;}\">\n\t\t\t\t\t<div class=\"e-con-inner\">\n\t\t<div class=\"elementor-element elementor-element-752915d e-con-full e-flex e-con e-child\" data-id=\"752915d\" data-element_type=\"container\" data-e-type=\"container\">\n\t\t\t\t<div class=\"elementor-element elementor-element-8143436 elementor-widget elementor-widget-heading\" data-id=\"8143436\" data-element_type=\"widget\" data-e-type=\"widget\" data-widget_type=\"heading.default\">\n\t\t\t\t<div class=\"elementor-widget-container\">\n\t\t\t\t\t<h6 class=\"elementor-heading-title elementor-size-default\">Photographie<\/h6>\t\t\t\t<\/div>\n\t\t\t\t<\/div>\n\t\t\t\t<\/div>\n\t\t<div class=\"elementor-element elementor-element-6cd5677 e-con-full e-flex e-con e-child\" data-id=\"6cd5677\" data-element_type=\"container\" data-e-type=\"container\">\n\t\t\t\t<div class=\"elementor-element elementor-element-42ca48c elementor-widget elementor-widget-heading\" data-id=\"42ca48c\" data-element_type=\"widget\" data-e-type=\"widget\" data-widget_type=\"heading.default\">\n\t\t\t\t<div class=\"elementor-widget-container\">\n\t\t\t\t\t<h6 class=\"elementor-heading-title elementor-size-default\">Photographie<\/h6>\t\t\t\t<\/div>\n\t\t\t\t<\/div>\n\t\t\t\t<\/div>\n\t\t<div class=\"elementor-element elementor-element-0339a5e e-con-full e-flex e-con e-child\" data-id=\"0339a5e\" data-element_type=\"container\" data-e-type=\"container\">\n\t\t\t\t<div class=\"elementor-element elementor-element-4afd013 elementor-widget elementor-widget-heading\" data-id=\"4afd013\" data-element_type=\"widget\" data-e-type=\"widget\" data-widget_type=\"heading.default\">\n\t\t\t\t<div class=\"elementor-widget-container\">\n\t\t\t\t\t<h6 class=\"elementor-heading-title elementor-size-default\">Photographie<\/h6>\t\t\t\t<\/div>\n\t\t\t\t<\/div>\n\t\t\t\t<\/div>\n\t\t<div class=\"elementor-element elementor-element-3c40914 e-con-full e-flex e-con e-child\" data-id=\"3c40914\" data-element_type=\"container\" data-e-type=\"container\">\n\t\t\t\t<div class=\"elementor-element elementor-element-22e364e elementor-widget elementor-widget-heading\" data-id=\"22e364e\" data-element_type=\"widget\" data-e-type=\"widget\" data-widget_type=\"heading.default\">\n\t\t\t\t<div class=\"elementor-widget-container\">\n\t\t\t\t\t<h6 class=\"elementor-heading-title elementor-size-default\">Photographie<\/h6>\t\t\t\t<\/div>\n\t\t\t\t<\/div>\n\t\t\t\t<\/div>\n\t\t<div class=\"elementor-element elementor-element-ddf5d14 e-con-full e-flex e-con e-child\" data-id=\"ddf5d14\" data-element_type=\"container\" data-e-type=\"container\">\n\t\t\t\t<div class=\"elementor-element elementor-element-f723a79 elementor-widget elementor-widget-heading\" data-id=\"f723a79\" data-element_type=\"widget\" data-e-type=\"widget\" data-widget_type=\"heading.default\">\n\t\t\t\t<div class=\"elementor-widget-container\">\n\t\t\t\t\t<h6 class=\"elementor-heading-title elementor-size-default\">Photographie<\/h6>\t\t\t\t<\/div>\n\t\t\t\t<\/div>\n\t\t\t\t<\/div>\n\t\t\t\t\t<\/div>\n\t\t\t\t<\/div>\n\t\t<div class=\"elementor-element elementor-element-e17ef2c e-flex e-con-boxed e-con e-parent\" data-id=\"e17ef2c\" data-element_type=\"container\" data-e-type=\"container\">\n\t\t\t\t\t<div class=\"e-con-inner\">\n\t\t\t\t<div class=\"elementor-element elementor-element-e2c6d8c elementor-widget elementor-widget-heading\" data-id=\"e2c6d8c\" data-element_type=\"widget\" data-e-type=\"widget\" data-widget_type=\"heading.default\">\n\t\t\t\t<div class=\"elementor-widget-container\">\n\t\t\t\t\t<h5 class=\"elementor-heading-title elementor-size-default\">Photographie<\/h5>\t\t\t\t<\/div>\n\t\t\t\t<\/div>\n\t\t\t\t\t<\/div>\n\t\t\t\t<\/div>\n\t\t<div class=\"elementor-element elementor-element-0479caf e-flex e-con-boxed e-con e-parent\" data-id=\"0479caf\" data-element_type=\"container\" data-e-type=\"container\">\n\t\t\t\t\t<div class=\"e-con-inner\">\n\t\t<div class=\"elementor-element elementor-element-9fdfac1 e-con-full e-flex e-con e-child\" data-id=\"9fdfac1\" data-element_type=\"container\" data-e-type=\"container\">\n\t\t\t\t<div class=\"elementor-element elementor-element-0a9bfbe elementor-widget elementor-widget-image\" data-id=\"0a9bfbe\" data-element_type=\"widget\" data-e-type=\"widget\" data-widget_type=\"image.default\">\n\t\t\t\t<div class=\"elementor-widget-container\">\n\t\t\t\t\t\t\t\t\t\t\t\t\t\t\t<img fetchpriority=\"high\" decoding=\"async\" width=\"640\" height=\"480\" src=\"https:\/\/webjour.iutlan.univ-rennes1.fr\/lpin\/wp-content\/uploads\/2023\/11\/photo-2.jpg\" class=\"attachment-large size-large wp-image-101\" alt=\"\" srcset=\"https:\/\/webjour.iutlan.univ-rennes1.fr\/lpin\/wp-content\/uploads\/2023\/11\/photo-2.jpg 640w, https:\/\/webjour.iutlan.univ-rennes1.fr\/lpin\/wp-content\/uploads\/2023\/11\/photo-2-300x225.jpg 300w\" sizes=\"(max-width: 640px) 100vw, 640px\" \/>\t\t\t\t\t\t\t\t\t\t\t\t\t\t\t<\/div>\n\t\t\t\t<\/div>\n\t\t\t\t<\/div>\n\t\t<div class=\"elementor-element elementor-element-1b45e06 e-con-full e-flex e-con e-child\" data-id=\"1b45e06\" data-element_type=\"container\" data-e-type=\"container\">\n\t\t\t\t<div class=\"elementor-element elementor-element-164db62 elementor-widget elementor-widget-image\" data-id=\"164db62\" data-element_type=\"widget\" data-e-type=\"widget\" data-widget_type=\"image.default\">\n\t\t\t\t<div class=\"elementor-widget-container\">\n\t\t\t\t\t\t\t\t\t\t\t\t\t\t\t<img decoding=\"async\" width=\"640\" height=\"480\" src=\"https:\/\/webjour.iutlan.univ-rennes1.fr\/lpin\/wp-content\/uploads\/2023\/11\/photo-5.jpg\" class=\"attachment-large size-large wp-image-104\" alt=\"\" srcset=\"https:\/\/webjour.iutlan.univ-rennes1.fr\/lpin\/wp-content\/uploads\/2023\/11\/photo-5.jpg 640w, https:\/\/webjour.iutlan.univ-rennes1.fr\/lpin\/wp-content\/uploads\/2023\/11\/photo-5-300x225.jpg 300w\" sizes=\"(max-width: 640px) 100vw, 640px\" \/>\t\t\t\t\t\t\t\t\t\t\t\t\t\t\t<\/div>\n\t\t\t\t<\/div>\n\t\t\t\t<\/div>\n\t\t<div class=\"elementor-element elementor-element-bb0f623 e-con-full e-flex e-con e-child\" data-id=\"bb0f623\" data-element_type=\"container\" data-e-type=\"container\">\n\t\t\t\t<div class=\"elementor-element elementor-element-f95dd02 elementor-widget elementor-widget-image\" data-id=\"f95dd02\" data-element_type=\"widget\" data-e-type=\"widget\" data-widget_type=\"image.default\">\n\t\t\t\t<div class=\"elementor-widget-container\">\n\t\t\t\t\t\t\t\t\t\t\t\t\t\t\t<img decoding=\"async\" width=\"640\" height=\"480\" src=\"https:\/\/webjour.iutlan.univ-rennes1.fr\/lpin\/wp-content\/uploads\/2023\/11\/photo-1.jpg\" class=\"attachment-large size-large wp-image-100\" alt=\"\" srcset=\"https:\/\/webjour.iutlan.univ-rennes1.fr\/lpin\/wp-content\/uploads\/2023\/11\/photo-1.jpg 640w, https:\/\/webjour.iutlan.univ-rennes1.fr\/lpin\/wp-content\/uploads\/2023\/11\/photo-1-300x225.jpg 300w\" sizes=\"(max-width: 640px) 100vw, 640px\" \/>\t\t\t\t\t\t\t\t\t\t\t\t\t\t\t<\/div>\n\t\t\t\t<\/div>\n\t\t\t\t<\/div>\n\t\t\t\t\t<\/div>\n\t\t\t\t<\/div>\n\t\t<div class=\"elementor-element elementor-element-6219359 e-flex e-con-boxed e-con e-parent\" data-id=\"6219359\" data-element_type=\"container\" data-e-type=\"container\">\n\t\t\t\t\t<div class=\"e-con-inner\">\n\t\t\t\t<div class=\"elementor-element elementor-element-d69504b elementor-widget elementor-widget-heading\" data-id=\"d69504b\" data-element_type=\"widget\" data-e-type=\"widget\" data-widget_type=\"heading.default\">\n\t\t\t\t<div class=\"elementor-widget-container\">\n\t\t\t\t\t<h5 class=\"elementor-heading-title elementor-size-default\">Photographie<\/h5>\t\t\t\t<\/div>\n\t\t\t\t<\/div>\n\t\t\t\t\t<\/div>\n\t\t\t\t<\/div>\n\t\t<div class=\"elementor-element elementor-element-012a189 e-flex e-con-boxed e-con e-parent\" data-id=\"012a189\" data-element_type=\"container\" data-e-type=\"container\">\n\t\t\t\t\t<div class=\"e-con-inner\">\n\t\t\t\t\t<\/div>\n\t\t\t\t<\/div>\n\t\t<div class=\"elementor-element elementor-element-1ef30c6 e-flex e-con-boxed e-con e-parent\" data-id=\"1ef30c6\" data-element_type=\"container\" data-e-type=\"container\">\n\t\t\t\t\t<div class=\"e-con-inner\">\n\t\t<div class=\"elementor-element elementor-element-3af5cab e-con-full e-flex e-con e-child\" data-id=\"3af5cab\" data-element_type=\"container\" data-e-type=\"container\">\n\t\t\t\t<div class=\"elementor-element elementor-element-d5614eb elementor-position-top elementor-widget elementor-widget-image-box\" data-id=\"d5614eb\" data-element_type=\"widget\" data-e-type=\"widget\" data-widget_type=\"image-box.default\">\n\t\t\t\t<div class=\"elementor-widget-container\">\n\t\t\t\t\t<div class=\"elementor-image-box-wrapper\"><figure class=\"elementor-image-box-img\"><img loading=\"lazy\" decoding=\"async\" width=\"400\" height=\"400\" src=\"https:\/\/webjour.iutlan.univ-rennes1.fr\/lpin\/wp-content\/uploads\/2023\/11\/portrait-victor-hugo.jpg\" class=\"attachment-2048x2048 size-2048x2048 wp-image-111\" alt=\"\" srcset=\"https:\/\/webjour.iutlan.univ-rennes1.fr\/lpin\/wp-content\/uploads\/2023\/11\/portrait-victor-hugo.jpg 400w, https:\/\/webjour.iutlan.univ-rennes1.fr\/lpin\/wp-content\/uploads\/2023\/11\/portrait-victor-hugo-300x300.jpg 300w, https:\/\/webjour.iutlan.univ-rennes1.fr\/lpin\/wp-content\/uploads\/2023\/11\/portrait-victor-hugo-150x150.jpg 150w\" sizes=\"(max-width: 400px) 100vw, 400px\" \/><\/figure><div class=\"elementor-image-box-content\"><h3 class=\"elementor-image-box-title\">La mer<\/h3><p class=\"elementor-image-box-description\">La mer est agit\u00e9e....<\/p><\/div><\/div>\t\t\t\t<\/div>\n\t\t\t\t<\/div>\n\t\t\t\t<\/div>\n\t\t<div class=\"elementor-element elementor-element-eb4de5b e-con-full e-flex e-con e-child\" data-id=\"eb4de5b\" data-element_type=\"container\" data-e-type=\"container\">\n\t\t\t\t<div class=\"elementor-element elementor-element-fe37781 elementor-position-top elementor-widget elementor-widget-image-box\" data-id=\"fe37781\" data-element_type=\"widget\" data-e-type=\"widget\" data-widget_type=\"image-box.default\">\n\t\t\t\t<div class=\"elementor-widget-container\">\n\t\t\t\t\t<div class=\"elementor-image-box-wrapper\"><figure class=\"elementor-image-box-img\"><img loading=\"lazy\" decoding=\"async\" width=\"400\" height=\"400\" src=\"https:\/\/webjour.iutlan.univ-rennes1.fr\/lpin\/wp-content\/uploads\/2023\/11\/portrait-victor-hugo.jpg\" class=\"attachment-2048x2048 size-2048x2048 wp-image-111\" alt=\"\" srcset=\"https:\/\/webjour.iutlan.univ-rennes1.fr\/lpin\/wp-content\/uploads\/2023\/11\/portrait-victor-hugo.jpg 400w, https:\/\/webjour.iutlan.univ-rennes1.fr\/lpin\/wp-content\/uploads\/2023\/11\/portrait-victor-hugo-300x300.jpg 300w, https:\/\/webjour.iutlan.univ-rennes1.fr\/lpin\/wp-content\/uploads\/2023\/11\/portrait-victor-hugo-150x150.jpg 150w\" sizes=\"(max-width: 400px) 100vw, 400px\" \/><\/figure><div class=\"elementor-image-box-content\"><h3 class=\"elementor-image-box-title\">La mer<\/h3><p class=\"elementor-image-box-description\">La mer est agit\u00e9e....<\/p><\/div><\/div>\t\t\t\t<\/div>\n\t\t\t\t<\/div>\n\t\t\t\t<\/div>\n\t\t<div class=\"elementor-element elementor-element-4ac354e e-con-full e-flex e-con e-child\" data-id=\"4ac354e\" data-element_type=\"container\" data-e-type=\"container\">\n\t\t\t\t<div class=\"elementor-element elementor-element-c3b01fb elementor-position-top elementor-widget elementor-widget-image-box\" data-id=\"c3b01fb\" data-element_type=\"widget\" data-e-type=\"widget\" data-widget_type=\"image-box.default\">\n\t\t\t\t<div class=\"elementor-widget-container\">\n\t\t\t\t\t<div class=\"elementor-image-box-wrapper\"><figure class=\"elementor-image-box-img\"><img loading=\"lazy\" decoding=\"async\" width=\"400\" height=\"400\" src=\"https:\/\/webjour.iutlan.univ-rennes1.fr\/lpin\/wp-content\/uploads\/2023\/11\/portrait-victor-hugo.jpg\" class=\"attachment-2048x2048 size-2048x2048 wp-image-111\" alt=\"\" srcset=\"https:\/\/webjour.iutlan.univ-rennes1.fr\/lpin\/wp-content\/uploads\/2023\/11\/portrait-victor-hugo.jpg 400w, https:\/\/webjour.iutlan.univ-rennes1.fr\/lpin\/wp-content\/uploads\/2023\/11\/portrait-victor-hugo-300x300.jpg 300w, https:\/\/webjour.iutlan.univ-rennes1.fr\/lpin\/wp-content\/uploads\/2023\/11\/portrait-victor-hugo-150x150.jpg 150w\" sizes=\"(max-width: 400px) 100vw, 400px\" \/><\/figure><div class=\"elementor-image-box-content\"><h3 class=\"elementor-image-box-title\">La mer<\/h3><p class=\"elementor-image-box-description\">La mer est agit\u00e9e....<\/p><\/div><\/div>\t\t\t\t<\/div>\n\t\t\t\t<\/div>\n\t\t\t\t<\/div>\n\t\t<div class=\"elementor-element elementor-element-bc0cc9f e-con-full e-flex e-con e-child\" data-id=\"bc0cc9f\" data-element_type=\"container\" data-e-type=\"container\">\n\t\t\t\t<div class=\"elementor-element elementor-element-c81ac85 elementor-position-top elementor-widget elementor-widget-image-box\" data-id=\"c81ac85\" data-element_type=\"widget\" data-e-type=\"widget\" data-widget_type=\"image-box.default\">\n\t\t\t\t<div class=\"elementor-widget-container\">\n\t\t\t\t\t<div class=\"elementor-image-box-wrapper\"><figure class=\"elementor-image-box-img\"><img loading=\"lazy\" decoding=\"async\" width=\"400\" height=\"400\" src=\"https:\/\/webjour.iutlan.univ-rennes1.fr\/lpin\/wp-content\/uploads\/2023\/11\/portrait-victor-hugo.jpg\" class=\"attachment-2048x2048 size-2048x2048 wp-image-111\" alt=\"\" srcset=\"https:\/\/webjour.iutlan.univ-rennes1.fr\/lpin\/wp-content\/uploads\/2023\/11\/portrait-victor-hugo.jpg 400w, https:\/\/webjour.iutlan.univ-rennes1.fr\/lpin\/wp-content\/uploads\/2023\/11\/portrait-victor-hugo-300x300.jpg 300w, https:\/\/webjour.iutlan.univ-rennes1.fr\/lpin\/wp-content\/uploads\/2023\/11\/portrait-victor-hugo-150x150.jpg 150w\" sizes=\"(max-width: 400px) 100vw, 400px\" \/><\/figure><div class=\"elementor-image-box-content\"><h3 class=\"elementor-image-box-title\">La mer<\/h3><p class=\"elementor-image-box-description\">La mer est agit\u00e9e....<\/p><\/div><\/div>\t\t\t\t<\/div>\n\t\t\t\t<\/div>\n\t\t\t\t<\/div>\n\t\t\t\t\t<\/div>\n\t\t\t\t<\/div>\n\t\t\t\t<\/div>\n\t\t","protected":false},"excerpt":{"rendered":"<p>Exercice Jane Do Photographie Photographie Photographie Photographie Photographie Photographie Photographie La mer La mer est agit\u00e9e&#8230;. La mer La mer est agit\u00e9e&#8230;. La mer La mer est agit\u00e9e&#8230;. La mer La mer est agit\u00e9e&#8230;.<\/p>\n","protected":false},"author":1,"featured_media":0,"parent":0,"menu_order":0,"comment_status":"closed","ping_status":"closed","template":"elementor_canvas","meta":{"neve_meta_sidebar":"","neve_meta_container":"","neve_meta_enable_content_width":"","neve_meta_content_width":0,"neve_meta_title_alignment":"","neve_meta_author_avatar":"","neve_post_elements_order":"","neve_meta_disable_header":"","neve_meta_disable_footer":"","neve_meta_disable_title":"","footnotes":""},"class_list":["post-83","page","type-page","status-publish","hentry"],"_links":{"self":[{"href":"https:\/\/webjour.iutlan.univ-rennes1.fr\/lpin\/index.php?rest_route=\/wp\/v2\/pages\/83","targetHints":{"allow":["GET"]}}],"collection":[{"href":"https:\/\/webjour.iutlan.univ-rennes1.fr\/lpin\/index.php?rest_route=\/wp\/v2\/pages"}],"about":[{"href":"https:\/\/webjour.iutlan.univ-rennes1.fr\/lpin\/index.php?rest_route=\/wp\/v2\/types\/page"}],"author":[{"embeddable":true,"href":"https:\/\/webjour.iutlan.univ-rennes1.fr\/lpin\/index.php?rest_route=\/wp\/v2\/users\/1"}],"replies":[{"embeddable":true,"href":"https:\/\/webjour.iutlan.univ-rennes1.fr\/lpin\/index.php?rest_route=%2Fwp%2Fv2%2Fcomments&post=83"}],"version-history":[{"count":10,"href":"https:\/\/webjour.iutlan.univ-rennes1.fr\/lpin\/index.php?rest_route=\/wp\/v2\/pages\/83\/revisions"}],"predecessor-version":[{"id":114,"href":"https:\/\/webjour.iutlan.univ-rennes1.fr\/lpin\/index.php?rest_route=\/wp\/v2\/pages\/83\/revisions\/114"}],"wp:attachment":[{"href":"https:\/\/webjour.iutlan.univ-rennes1.fr\/lpin\/index.php?rest_route=%2Fwp%2Fv2%2Fmedia&parent=83"}],"curies":[{"name":"wp","href":"https:\/\/api.w.org\/{rel}","templated":true}]}}