{"id":265,"date":"2024-12-03T17:26:33","date_gmt":"2024-12-03T16:26:33","guid":{"rendered":"https:\/\/webjour.iutlan.univ-rennes1.fr\/leoroyer\/?page_id=265"},"modified":"2024-12-03T17:26:33","modified_gmt":"2024-12-03T16:26:33","slug":"veille-info-4-quest-ce-qui-est-mis-en-place-en-france-contre-les-fake-news","status":"publish","type":"page","link":"https:\/\/webjour.iutlan.univ-rennes1.fr\/leoroyer\/veille-info-4-quest-ce-qui-est-mis-en-place-en-france-contre-les-fake-news\/","title":{"rendered":"Veille info 4 : qu&rsquo;est ce qui est mis en place en France contre les Fake news ?"},"content":{"rendered":"\n<p><a href=\"https:\/\/www.meta-media.fr\/2024\/11\/29\/deux-createurs-de-contenu-sur-trois-ne-verifient-pas-les-informations-quils-partagent-selon-lunesco.html\" data-type=\"link\" data-id=\"https:\/\/www.meta-media.fr\/2024\/11\/29\/deux-createurs-de-contenu-sur-trois-ne-verifient-pas-les-informations-quils-partagent-selon-lunesco.html\">France Info <\/a>publi\u00e9 vendredi dernier un r\u00e9capitulatif d&rsquo;une \u00e9tude de l&rsquo;UNESCO publi\u00e9e 26 novembre concernant la rigueur dans la recherche des sources des influenceurs. Cette <a href=\"https:\/\/unesdoc.unesco.org\/ark:\/48223\/pf0000392006\" data-type=\"link\" data-id=\"https:\/\/unesdoc.unesco.org\/ark:\/48223\/pf0000392006\">\u00e9tude <\/a> fait appara\u00eetre un nombre \u00e9lev\u00e9 d&rsquo;influenceurs ne v\u00e9rifiant peu voir pas leurs sources, l&rsquo;UNESCO appelle alors \u00e0 la vigilance pour contrer la propagation de Fake news. Sachant qu&rsquo;une <a href=\"https:\/\/pmc.ncbi.nlm.nih.gov\/articles\/PMC9558089\/#:~:text=Les%20fake%20news%20ont%20\u00e9t\u00e9,7%20%25%20sur%20les%20sites%20web.\" data-type=\"link\" data-id=\"https:\/\/pmc.ncbi.nlm.nih.gov\/articles\/PMC9558089\/#:~:text=Les%20fake%20news%20ont%20\u00e9t\u00e9,7%20%25%20sur%20les%20sites%20web.\">augmentation de 900\u00a0% des Fake news <\/a>\u00e0 eu lieu pendant le COVID-19 et que les politiques de certaines plateformes les r\u00e9gules mal (X par exemple) je me suis demand\u00e9e qu&rsquo;elles \u00e9taient les action mises en place par le gouvernement fran\u00e7ais pour \u00e9viter leur propagation. Voici les mesures que celui-ci \u00e0 mis en place :<\/p>\n\n\n\n<ul class=\"wp-block-list\">\n<li>Cr\u00e9ation de la plateforme <a href=\"https:\/\/www.internet-signalement.gouv.fr\/PharosS1\/\" data-type=\"link\" data-id=\"https:\/\/www.internet-signalement.gouv.fr\/PharosS1\/\">Pharos<\/a> en 2022 qui permet de d\u00e9noncer les infractions tels que la diffamation. On y retrouve \u00e9galement des conseilles pour les jeunes et les parents concernant l&rsquo;utilisation d&rsquo;internet de mani\u00e8re s\u00e9curis\u00e9. <\/li>\n\n\n\n<li> Adoption de la <a href=\"https:\/\/www.legifrance.gouv.fr\/jorf\/id\/JORFTEXT000037847559\/\" data-type=\"link\" data-id=\"https:\/\/www.legifrance.gouv.fr\/jorf\/id\/JORFTEXT000037847559\/\">loi n\u00b0 2018-1202<\/a> concernant la manipulation de l&rsquo;information qui permet \u00e0 un juge d&rsquo;ordonner le retrait ou le bloquage d&rsquo;une information qui semble fausse pendant les trois mois pr\u00e9c\u00e9dant une \u00e9lection. Cette loi oblig\u00e9 \u00e9galement au grandes grandes plateformes (comme Facebook, Twitter, et Google) de r\u00e9v\u00e9ler l\u2019identit\u00e9 des annonceurs de publicit\u00e9s politiques ainsi que d&rsquo;indiquer les montants investis. De plus avec cette loi les plateformes num\u00e9rique doivent mettre en place des outils pour signaler les contenus mensongers.<\/li>\n\n\n\n<li>la collaboration du gouvernement avec certaines plateformes ( comme Facebook avec la <a href=\"https:\/\/www.lemonde.fr\/pixels\/article\/2018\/11\/12\/l-etat-francais-et-facebook-vont-collaborer-pour-lutter-contre-la-haine-sur-internet_5382502_4408996.html#:~:text=Pixels-,La%20France%20et%20Facebook%20vont%20collaborer%20pour%20lutter%20contre%20la,membres%20issus%20d'autorit\u00e9s%20fran\u00e7aises.\" data-type=\"link\" data-id=\"https:\/\/www.lemonde.fr\/pixels\/article\/2018\/11\/12\/l-etat-francais-et-facebook-vont-collaborer-pour-lutter-contre-la-haine-sur-internet_5382502_4408996.html#:~:text=Pixels-,La%20France%20et%20Facebook%20vont%20collaborer%20pour%20lutter%20contre%20la,membres%20issus%20d'autorit\u00e9s%20fran\u00e7aises.\">mise en place d\u2019un partenariat avec des fact-checkers<\/a>) permet de renforcer la mod\u00e9ration <\/li>\n\n\n\n<li>L&rsquo;Education National \u00e0 <a href=\"https:\/\/www.google.com\/url?sa=t&amp;source=web&amp;rct=j&amp;opi=89978449&amp;url=https:\/\/www.education.gouv.fr\/media\/90745\/download&amp;ved=2ahUKEwj5oLKXgIyKAxVfVKQEHfquJf4QFnoECBoQAQ&amp;usg=AOvVaw3eyvh8WvJndFa5ibToJEmw\" data-type=\"link\" data-id=\"https:\/\/www.google.com\/url?sa=t&amp;source=web&amp;rct=j&amp;opi=89978449&amp;url=https:\/\/www.education.gouv.fr\/media\/90745\/download&amp;ved=2ahUKEwj5oLKXgIyKAxVfVKQEHfquJf4QFnoECBoQAQ&amp;usg=AOvVaw3eyvh8WvJndFa5ibToJEmw\">renforc\u00e9e l&rsquo;enseignement de l&rsquo;\u00e9ducation aux m\u00e9dias<\/a> avec par exemple la <a href=\"https:\/\/www.clemi.fr\/actions-educatives\/semaine-de-la-presse-et-des-medias\" data-type=\"link\" data-id=\"https:\/\/www.clemi.fr\/actions-educatives\/semaine-de-la-presse-et-des-medias\">Semaine de la presse et des m\u00e9dias \u00e0 l&rsquo;\u00e9cole<\/a><strong> <\/strong>en partenariat avec la Centre pour l\u2019\u00e9ducation aux m\u00e9dias et \u00e0 l\u2019information pour former les enseignants et les \u00e9l\u00e8ves \u00e0 la lutte contre la d\u00e9sinformation.<\/li>\n\n\n\n<li>Le gouvernement coop\u00e9ration \u00e9galement \u00e0 l&rsquo;\u00e9chelle europ\u00e9enne\u00a0pour harmoniser les mesures contre les fake news. Par exemple elle participe dans le cadre du projets\u00a0<a href=\"https:\/\/www.economie.gouv.fr\/cedef\/digital-services-act-dsa\" data-type=\"link\" data-id=\"https:\/\/www.economie.gouv.fr\/cedef\/digital-services-act-dsa\">Digital Services Act (DSA)<\/a>\u00a0de l\u2019Union europ\u00e9enne pour renforcer la protection contre les fake news.<\/li>\n\n\n\n<li>L&rsquo;Etat met \u00e9galement \u00e0 disposition <a href=\"https:\/\/www.defense.gouv.fr\/sites\/default\/files\/ministere-armees\/Guide%20contre%20la%20d\u00e9sinformation%20-%20Minist\u00e8re%20des%20Arm\u00e9es%20-%20Juillet%202024.pdf\" data-type=\"link\" data-id=\"https:\/\/www.defense.gouv.fr\/sites\/default\/files\/ministere-armees\/Guide%20contre%20la%20d\u00e9sinformation%20-%20Minist\u00e8re%20des%20Arm\u00e9es%20-%20Juillet%202024.pdf\">des conseilles<\/a> pour se prot\u00e9ger contre la d\u00e9sinformation <\/li>\n<\/ul>\n\n\n\n<p>En conclusion la France \u00e0 mis en places des actions l\u00e9gales mais aussi des campagnes d&rsquo;information et des partenariat avec des acteurs direct de l&rsquo;information.<\/p>\n\n\n\n<p><\/p>\n","protected":false},"excerpt":{"rendered":"<p>France Info publi\u00e9 vendredi dernier un r\u00e9capitulatif d&rsquo;une \u00e9tude de l&rsquo;UNESCO publi\u00e9e 26 novembre concernant la rigueur dans la recherche des sources des influenceurs. Cette \u00e9tude fait appara\u00eetre un nombre \u00e9lev\u00e9 d&rsquo;influenceurs ne v\u00e9rifiant peu voir pas leurs sources, l&rsquo;UNESCO appelle alors \u00e0 la vigilance pour contrer la propagation de Fake news. Sachant qu&rsquo;une augmentation &hellip; <\/p>\n<p class=\"link-more\"><a href=\"https:\/\/webjour.iutlan.univ-rennes1.fr\/leoroyer\/veille-info-4-quest-ce-qui-est-mis-en-place-en-france-contre-les-fake-news\/\" class=\"more-link\">Lire la suite de<span class=\"screen-reader-text\">\u00ab\u00a0Veille info 4 : qu&rsquo;est ce qui est mis en place en France contre les Fake news ?\u00a0\u00bb<\/span><\/a><\/p>\n","protected":false},"author":1,"featured_media":0,"parent":0,"menu_order":0,"comment_status":"closed","ping_status":"closed","template":"","meta":{"inspiro_hide_title":false,"footnotes":""},"class_list":["post-265","page","type-page","status-publish","hentry"],"_links":{"self":[{"href":"https:\/\/webjour.iutlan.univ-rennes1.fr\/leoroyer\/wp-json\/wp\/v2\/pages\/265","targetHints":{"allow":["GET"]}}],"collection":[{"href":"https:\/\/webjour.iutlan.univ-rennes1.fr\/leoroyer\/wp-json\/wp\/v2\/pages"}],"about":[{"href":"https:\/\/webjour.iutlan.univ-rennes1.fr\/leoroyer\/wp-json\/wp\/v2\/types\/page"}],"author":[{"embeddable":true,"href":"https:\/\/webjour.iutlan.univ-rennes1.fr\/leoroyer\/wp-json\/wp\/v2\/users\/1"}],"replies":[{"embeddable":true,"href":"https:\/\/webjour.iutlan.univ-rennes1.fr\/leoroyer\/wp-json\/wp\/v2\/comments?post=265"}],"version-history":[{"count":1,"href":"https:\/\/webjour.iutlan.univ-rennes1.fr\/leoroyer\/wp-json\/wp\/v2\/pages\/265\/revisions"}],"predecessor-version":[{"id":266,"href":"https:\/\/webjour.iutlan.univ-rennes1.fr\/leoroyer\/wp-json\/wp\/v2\/pages\/265\/revisions\/266"}],"wp:attachment":[{"href":"https:\/\/webjour.iutlan.univ-rennes1.fr\/leoroyer\/wp-json\/wp\/v2\/media?parent=265"}],"curies":[{"name":"wp","href":"https:\/\/api.w.org\/{rel}","templated":true}]}}