{"id":104,"date":"2024-11-19T17:30:39","date_gmt":"2024-11-19T16:30:39","guid":{"rendered":"https:\/\/webjour.iutlan.univ-rennes1.fr\/jercole\/?page_id=104"},"modified":"2024-11-19T17:30:39","modified_gmt":"2024-11-19T16:30:39","slug":"accueil-cloned-53","status":"publish","type":"page","link":"https:\/\/webjour.iutlan.univ-rennes1.fr\/jercole\/index.php\/accueil-cloned-53\/","title":{"rendered":"Accueil &#8211; [Cloned #53]"},"content":{"rendered":"\t\t<div data-elementor-type=\"wp-page\" data-elementor-id=\"104\" class=\"elementor elementor-104\" data-elementor-settings=\"{&quot;ha_cmc_init_switcher&quot;:&quot;no&quot;}\">\n\t\t\t\t<div class=\"elementor-element elementor-element-ebd795e e-flex e-con-boxed e-con e-parent\" data-id=\"ebd795e\" data-element_type=\"container\" data-e-type=\"container\" data-settings=\"{&quot;background_background&quot;:&quot;classic&quot;,&quot;_ha_eqh_enable&quot;:false}\">\n\t\t\t\t\t<div class=\"e-con-inner\">\n\t\t\t\t<div class=\"elementor-element elementor-element-60f44be elementor-widget elementor-widget-heading\" data-id=\"60f44be\" data-element_type=\"widget\" data-e-type=\"widget\" data-widget_type=\"heading.default\">\n\t\t\t\t<div class=\"elementor-widget-container\">\n\t\t\t\t\t<h2 class=\"elementor-heading-title elementor-size-default\">Breathe Love<\/h2>\t\t\t\t<\/div>\n\t\t\t\t<\/div>\n\t\t\t\t<div class=\"elementor-element elementor-element-47645e6 elementor-widget elementor-widget-heading\" data-id=\"47645e6\" data-element_type=\"widget\" data-e-type=\"widget\" data-widget_type=\"heading.default\">\n\t\t\t\t<div class=\"elementor-widget-container\">\n\t\t\t\t\t<h3 class=\"elementor-heading-title elementor-size-default\">Duo A\u00e9rien<\/h3>\t\t\t\t<\/div>\n\t\t\t\t<\/div>\n\t\t\t\t\t<\/div>\n\t\t\t\t<\/div>\n\t\t<div class=\"elementor-element elementor-element-76e16c1 e-flex e-con-boxed e-con e-parent\" data-id=\"76e16c1\" data-element_type=\"container\" data-e-type=\"container\" data-settings=\"{&quot;background_background&quot;:&quot;gradient&quot;,&quot;_ha_eqh_enable&quot;:false}\">\n\t\t\t\t\t<div class=\"e-con-inner\">\n\t\t\t\t<div class=\"elementor-element elementor-element-564a7e7 elementor-arrows-position-inside elementor-widget elementor-widget-image-carousel\" data-id=\"564a7e7\" data-element_type=\"widget\" data-e-type=\"widget\" data-settings=\"{&quot;slides_to_show&quot;:&quot;1&quot;,&quot;navigation&quot;:&quot;arrows&quot;,&quot;autoplay_speed&quot;:8000,&quot;effect&quot;:&quot;fade&quot;,&quot;speed&quot;:700,&quot;autoplay&quot;:&quot;yes&quot;,&quot;pause_on_hover&quot;:&quot;yes&quot;,&quot;pause_on_interaction&quot;:&quot;yes&quot;,&quot;infinite&quot;:&quot;yes&quot;}\" data-widget_type=\"image-carousel.default\">\n\t\t\t\t<div class=\"elementor-widget-container\">\n\t\t\t\t\t\t\t<div class=\"elementor-image-carousel-wrapper swiper\" role=\"region\" aria-roledescription=\"carousel\" aria-label=\"Carrousel d\u2019images\" dir=\"ltr\">\n\t\t\t<div class=\"elementor-image-carousel swiper-wrapper\" aria-live=\"off\">\n\t\t\t\t\t\t\t\t<div class=\"swiper-slide\" role=\"group\" aria-roledescription=\"slide\" aria-label=\"1 sur 4\"><figure class=\"swiper-slide-inner\"><img decoding=\"async\" class=\"swiper-slide-image\" src=\"https:\/\/webjour.iutlan.univ-rennes1.fr\/jercole\/wp-content\/uploads\/2024\/11\/Ban-1-1024x341.jpg\" alt=\"Ban - 1\" \/><\/figure><\/div><div class=\"swiper-slide\" role=\"group\" aria-roledescription=\"slide\" aria-label=\"2 sur 4\"><figure class=\"swiper-slide-inner\"><img decoding=\"async\" class=\"swiper-slide-image\" src=\"https:\/\/webjour.iutlan.univ-rennes1.fr\/jercole\/wp-content\/uploads\/2024\/11\/Ban-2-1024x341.jpg\" alt=\"Ban - 2\" \/><\/figure><\/div><div class=\"swiper-slide\" role=\"group\" aria-roledescription=\"slide\" aria-label=\"3 sur 4\"><figure class=\"swiper-slide-inner\"><img decoding=\"async\" class=\"swiper-slide-image\" src=\"https:\/\/webjour.iutlan.univ-rennes1.fr\/jercole\/wp-content\/uploads\/2024\/11\/Ban-3-1024x341.jpg\" alt=\"Ban - 3\" \/><\/figure><\/div><div class=\"swiper-slide\" role=\"group\" aria-roledescription=\"slide\" aria-label=\"4 sur 4\"><figure class=\"swiper-slide-inner\"><img decoding=\"async\" class=\"swiper-slide-image\" src=\"https:\/\/webjour.iutlan.univ-rennes1.fr\/jercole\/wp-content\/uploads\/2024\/11\/Ban-4-1024x341.jpg\" alt=\"Ban - 4\" \/><\/figure><\/div>\t\t\t<\/div>\n\t\t\t\t\t\t\t\t\t\t\t\t<div class=\"elementor-swiper-button elementor-swiper-button-prev\" role=\"button\" tabindex=\"0\">\n\t\t\t\t\t\t<svg aria-hidden=\"true\" class=\"e-font-icon-svg e-eicon-chevron-left\" viewBox=\"0 0 1000 1000\" xmlns=\"http:\/\/www.w3.org\/2000\/svg\"><path d=\"M646 125C629 125 613 133 604 142L308 442C296 454 292 471 292 487 292 504 296 521 308 533L604 854C617 867 629 875 646 875 663 875 679 871 692 858 704 846 713 829 713 812 713 796 708 779 692 767L438 487 692 225C700 217 708 204 708 187 708 171 704 154 692 142 675 129 663 125 646 125Z\"><\/path><\/svg>\t\t\t\t\t<\/div>\n\t\t\t\t\t<div class=\"elementor-swiper-button elementor-swiper-button-next\" role=\"button\" tabindex=\"0\">\n\t\t\t\t\t\t<svg aria-hidden=\"true\" class=\"e-font-icon-svg e-eicon-chevron-right\" viewBox=\"0 0 1000 1000\" xmlns=\"http:\/\/www.w3.org\/2000\/svg\"><path d=\"M696 533C708 521 713 504 713 487 713 471 708 454 696 446L400 146C388 133 375 125 354 125 338 125 325 129 313 142 300 154 292 171 292 187 292 204 296 221 308 233L563 492 304 771C292 783 288 800 288 817 288 833 296 850 308 863 321 871 338 875 354 875 371 875 388 867 400 854L696 533Z\"><\/path><\/svg>\t\t\t\t\t<\/div>\n\t\t\t\t\n\t\t\t\t\t\t\t\t\t<\/div>\n\t\t\t\t\t\t<\/div>\n\t\t\t\t<\/div>\n\t\t\t\t\t<\/div>\n\t\t\t\t<\/div>\n\t\t<div class=\"elementor-element elementor-element-5122b6c e-grid e-con-boxed e-con e-parent\" data-id=\"5122b6c\" data-element_type=\"container\" data-e-type=\"container\" data-settings=\"{&quot;_ha_eqh_enable&quot;:false}\">\n\t\t\t\t\t<div class=\"e-con-inner\">\n\t\t\t\t<div class=\"elementor-element elementor-element-f93c9be elementor-widget elementor-widget-heading\" data-id=\"f93c9be\" data-element_type=\"widget\" data-e-type=\"widget\" data-widget_type=\"heading.default\">\n\t\t\t\t<div class=\"elementor-widget-container\">\n\t\t\t\t\t<h2 class=\"elementor-heading-title elementor-size-default\">Accueil<\/h2>\t\t\t\t<\/div>\n\t\t\t\t<\/div>\n\t\t\t\t<div class=\"elementor-element elementor-element-c3aefc4 elementor-widget elementor-widget-heading\" data-id=\"c3aefc4\" data-element_type=\"widget\" data-e-type=\"widget\" data-widget_type=\"heading.default\">\n\t\t\t\t<div class=\"elementor-widget-container\">\n\t\t\t\t\t<h2 class=\"elementor-heading-title elementor-size-default\">Spectacles<\/h2>\t\t\t\t<\/div>\n\t\t\t\t<\/div>\n\t\t\t\t<div class=\"elementor-element elementor-element-116d9a8 elementor-widget elementor-widget-heading\" data-id=\"116d9a8\" data-element_type=\"widget\" data-e-type=\"widget\" data-widget_type=\"heading.default\">\n\t\t\t\t<div class=\"elementor-widget-container\">\n\t\t\t\t\t<h2 class=\"elementor-heading-title elementor-size-default\"><a href=\"#zonecontacts\">Contacts<\/a><\/h2>\t\t\t\t<\/div>\n\t\t\t\t<\/div>\n\t\t\t\t\t<\/div>\n\t\t\t\t<\/div>\n\t\t<div class=\"elementor-element elementor-element-704a11c e-flex e-con-boxed e-con e-parent\" data-id=\"704a11c\" data-element_type=\"container\" data-e-type=\"container\" data-settings=\"{&quot;_ha_eqh_enable&quot;:false}\">\n\t\t\t\t\t<div class=\"e-con-inner\">\n\t\t<div class=\"elementor-element elementor-element-b581b53 e-con-full e-flex e-con e-child\" data-id=\"b581b53\" data-element_type=\"container\" data-e-type=\"container\" data-settings=\"{&quot;_ha_eqh_enable&quot;:false}\">\n\t\t\t\t<div class=\"elementor-element elementor-element-6623b1e elementor-widget elementor-widget-image\" data-id=\"6623b1e\" data-element_type=\"widget\" data-e-type=\"widget\" data-widget_type=\"image.default\">\n\t\t\t\t<div class=\"elementor-widget-container\">\n\t\t\t\t\t\t\t\t\t\t\t\t\t\t\t<img fetchpriority=\"high\" decoding=\"async\" width=\"300\" height=\"300\" src=\"https:\/\/webjour.iutlan.univ-rennes1.fr\/jercole\/wp-content\/uploads\/2024\/11\/Paul-ValCry-1-300x300.jpg\" class=\"attachment-medium size-medium wp-image-59\" alt=\"\" srcset=\"https:\/\/webjour.iutlan.univ-rennes1.fr\/jercole\/wp-content\/uploads\/2024\/11\/Paul-ValCry-1-300x300.jpg 300w, https:\/\/webjour.iutlan.univ-rennes1.fr\/jercole\/wp-content\/uploads\/2024\/11\/Paul-ValCry-1-150x150.jpg 150w, https:\/\/webjour.iutlan.univ-rennes1.fr\/jercole\/wp-content\/uploads\/2024\/11\/Paul-ValCry-1-768x768.jpg 768w, https:\/\/webjour.iutlan.univ-rennes1.fr\/jercole\/wp-content\/uploads\/2024\/11\/Paul-ValCry-1.jpg 992w\" sizes=\"(max-width: 300px) 100vw, 300px\" \/>\t\t\t\t\t\t\t\t\t\t\t\t\t\t\t<\/div>\n\t\t\t\t<\/div>\n\t\t\t\t<\/div>\n\t\t<div class=\"elementor-element elementor-element-5e49c66 e-con-full e-flex e-con e-child\" data-id=\"5e49c66\" data-element_type=\"container\" data-e-type=\"container\" data-settings=\"{&quot;_ha_eqh_enable&quot;:false}\">\n\t\t\t\t<div class=\"elementor-element elementor-element-7dda210 animated-slow elementor-invisible elementor-widget elementor-widget-text-editor\" data-id=\"7dda210\" data-element_type=\"widget\" data-e-type=\"widget\" data-settings=\"{&quot;_animation&quot;:&quot;fadeInRight&quot;}\" data-widget_type=\"text-editor.default\">\n\t\t\t\t<div class=\"elementor-widget-container\">\n\t\t\t\t\t\t\t\t\t<p>Cependant que l&rsquo;acrobate est en proie \u00e0 l&rsquo;\u00e9quilibre le plus instable,<br \/>nous faisons un voeu.<br \/>Et ce voeu est \u00e9trangement double et nul.<br \/>Nous souhaitons qu&rsquo;il tombe,<br \/>et nous souhaitons qu&rsquo;il tienne.<\/p>\t\t\t\t\t\t\t\t<\/div>\n\t\t\t\t<\/div>\n\t\t\t\t<div class=\"elementor-element elementor-element-4ebae59 elementor-widget elementor-widget-text-editor\" data-id=\"4ebae59\" data-element_type=\"widget\" data-e-type=\"widget\" data-widget_type=\"text-editor.default\">\n\t\t\t\t<div class=\"elementor-widget-container\">\n\t\t\t\t\t\t\t\t\t<p>Paul Val\u00e9ry<\/p>\t\t\t\t\t\t\t\t<\/div>\n\t\t\t\t<\/div>\n\t\t\t\t<\/div>\n\t\t\t\t\t<\/div>\n\t\t\t\t<\/div>\n\t\t<div class=\"elementor-element elementor-element-c210b94 e-flex e-con-boxed e-con e-parent\" data-id=\"c210b94\" data-element_type=\"container\" data-e-type=\"container\" data-settings=\"{&quot;_ha_eqh_enable&quot;:false}\">\n\t\t\t\t\t<div class=\"e-con-inner\">\n\t\t\t\t<div class=\"elementor-element elementor-element-44b42dd elementor-widget-divider--view-line_icon elementor-widget-divider--separator-type-pattern elementor-widget-divider--no-spacing elementor-view-default elementor-widget-divider--element-align-center elementor-widget elementor-widget-divider\" data-id=\"44b42dd\" data-element_type=\"widget\" data-e-type=\"widget\" data-widget_type=\"divider.default\">\n\t\t\t\t<div class=\"elementor-widget-container\">\n\t\t\t\t\t\t\t<div class=\"elementor-divider\" style=\"--divider-pattern-url: url(&quot;data:image\/svg+xml,%3Csvg xmlns=&#039;http:\/\/www.w3.org\/2000\/svg&#039; preserveAspectRatio=&#039;xMidYMid meet&#039; overflow=&#039;visible&#039; height=&#039;100%&#039; viewBox=&#039;0 0 120 26&#039; fill=&#039;black&#039; stroke=&#039;none&#039;%3E%3Cpolygon points=&#039;0,14.4 0,21 11.5,12.4 21.3,20 30.4,11.1 40.3,20 51,12.4 60.6,20 69.6,11.1 79.3,20 90.1,12.4 99.6,20 109.7,11.1 120,21 120,14.4 109.7,5 99.6,13 90.1,5 79.3,14.5 71,5.7 60.6,12.4 51,5 40.3,14.5 31.1,5 21.3,13 11.5,5 \t&#039;\/%3E%3C\/svg%3E&quot;);\">\n\t\t\t<span class=\"elementor-divider-separator\">\n\t\t\t\t\t\t\t<div class=\"elementor-icon elementor-divider__element\">\n\t\t\t\t\t<svg aria-hidden=\"true\" class=\"e-font-icon-svg e-fas-star\" viewBox=\"0 0 576 512\" xmlns=\"http:\/\/www.w3.org\/2000\/svg\"><path d=\"M259.3 17.8L194 150.2 47.9 171.5c-26.2 3.8-36.7 36.1-17.7 54.6l105.7 103-25 145.5c-4.5 26.3 23.2 46 46.4 33.7L288 439.6l130.7 68.7c23.2 12.2 50.9-7.4 46.4-33.7l-25-145.5 105.7-103c19-18.5 8.5-50.8-17.7-54.6L382 150.2 316.7 17.8c-11.7-23.6-45.6-23.9-57.4 0z\"><\/path><\/svg><\/div>\n\t\t\t\t\t\t<\/span>\n\t\t<\/div>\n\t\t\t\t\t\t<\/div>\n\t\t\t\t<\/div>\n\t\t\t\t\t<\/div>\n\t\t\t\t<\/div>\n\t\t<div class=\"elementor-element elementor-element-f645e34 e-flex e-con-boxed e-con e-parent\" data-id=\"f645e34\" data-element_type=\"container\" data-e-type=\"container\" data-settings=\"{&quot;_ha_eqh_enable&quot;:false}\">\n\t\t\t\t\t<div class=\"e-con-inner\">\n\t\t\t\t<div class=\"elementor-element elementor-element-3497d3e elementor-widget elementor-widget-heading\" data-id=\"3497d3e\" data-element_type=\"widget\" data-e-type=\"widget\" data-widget_type=\"heading.default\">\n\t\t\t\t<div class=\"elementor-widget-container\">\n\t\t\t\t\t<h2 class=\"elementor-heading-title elementor-size-default\">Cirque<\/h2>\t\t\t\t<\/div>\n\t\t\t\t<\/div>\n\t\t\t\t\t<\/div>\n\t\t\t\t<\/div>\n\t\t<div class=\"elementor-element elementor-element-10cf46e e-flex e-con-boxed e-con e-parent\" data-id=\"10cf46e\" data-element_type=\"container\" data-e-type=\"container\" data-settings=\"{&quot;_ha_eqh_enable&quot;:false}\">\n\t\t\t\t\t<div class=\"e-con-inner\">\n\t\t\t\t\t<\/div>\n\t\t\t\t<\/div>\n\t\t<div class=\"elementor-element elementor-element-e457ce5 e-flex e-con-boxed e-con e-parent\" data-id=\"e457ce5\" data-element_type=\"container\" data-e-type=\"container\" data-settings=\"{&quot;_ha_eqh_enable&quot;:false}\">\n\t\t\t\t\t<div class=\"e-con-inner\">\n\t\t\t\t<div class=\"elementor-element elementor-element-aafb704 elementor-widget elementor-widget-image-gallery\" data-id=\"aafb704\" data-element_type=\"widget\" data-e-type=\"widget\" data-widget_type=\"image-gallery.default\">\n\t\t\t\t<div class=\"elementor-widget-container\">\n\t\t\t\t\t\t\t<div class=\"elementor-image-gallery\">\n\t\t\t<div id='gallery-1' class='gallery galleryid-104 gallery-columns-3 gallery-size-medium_large'><figure class='gallery-item'>\n\t\t\t<div class='gallery-icon landscape'>\n\t\t\t\t<a data-elementor-open-lightbox=\"yes\" data-elementor-lightbox-slideshow=\"aafb704\" data-elementor-lightbox-title=\"169 - 1\" data-e-action-hash=\"#elementor-action%3Aaction%3Dlightbox%26settings%3DeyJpZCI6NjQsInVybCI6Imh0dHBzOlwvXC93ZWJqb3VyLml1dGxhbi51bml2LXJlbm5lczEuZnJcL2plcmNvbGVcL3dwLWNvbnRlbnRcL3VwbG9hZHNcLzIwMjRcLzExXC8xNjktMS5qcGciLCJzbGlkZXNob3ciOiJhYWZiNzA0In0%3D\" href='https:\/\/webjour.iutlan.univ-rennes1.fr\/jercole\/wp-content\/uploads\/2024\/11\/169-1.jpg'><img decoding=\"async\" width=\"768\" height=\"432\" src=\"https:\/\/webjour.iutlan.univ-rennes1.fr\/jercole\/wp-content\/uploads\/2024\/11\/169-1-768x432.jpg\" class=\"attachment-medium_large size-medium_large\" alt=\"\" srcset=\"https:\/\/webjour.iutlan.univ-rennes1.fr\/jercole\/wp-content\/uploads\/2024\/11\/169-1-768x432.jpg 768w, https:\/\/webjour.iutlan.univ-rennes1.fr\/jercole\/wp-content\/uploads\/2024\/11\/169-1-300x169.jpg 300w, https:\/\/webjour.iutlan.univ-rennes1.fr\/jercole\/wp-content\/uploads\/2024\/11\/169-1-1024x576.jpg 1024w, https:\/\/webjour.iutlan.univ-rennes1.fr\/jercole\/wp-content\/uploads\/2024\/11\/169-1-1536x864.jpg 1536w, https:\/\/webjour.iutlan.univ-rennes1.fr\/jercole\/wp-content\/uploads\/2024\/11\/169-1.jpg 1900w\" sizes=\"(max-width: 768px) 100vw, 768px\" \/><\/a>\n\t\t\t<\/div><\/figure><figure class='gallery-item'>\n\t\t\t<div class='gallery-icon landscape'>\n\t\t\t\t<a data-elementor-open-lightbox=\"yes\" data-elementor-lightbox-slideshow=\"aafb704\" data-elementor-lightbox-title=\"169 - 2\" data-e-action-hash=\"#elementor-action%3Aaction%3Dlightbox%26settings%3DeyJpZCI6NjUsInVybCI6Imh0dHBzOlwvXC93ZWJqb3VyLml1dGxhbi51bml2LXJlbm5lczEuZnJcL2plcmNvbGVcL3dwLWNvbnRlbnRcL3VwbG9hZHNcLzIwMjRcLzExXC8xNjktMi5qcGciLCJzbGlkZXNob3ciOiJhYWZiNzA0In0%3D\" href='https:\/\/webjour.iutlan.univ-rennes1.fr\/jercole\/wp-content\/uploads\/2024\/11\/169-2.jpg'><img decoding=\"async\" width=\"768\" height=\"432\" src=\"https:\/\/webjour.iutlan.univ-rennes1.fr\/jercole\/wp-content\/uploads\/2024\/11\/169-2-768x432.jpg\" class=\"attachment-medium_large size-medium_large\" alt=\"\" srcset=\"https:\/\/webjour.iutlan.univ-rennes1.fr\/jercole\/wp-content\/uploads\/2024\/11\/169-2-768x432.jpg 768w, https:\/\/webjour.iutlan.univ-rennes1.fr\/jercole\/wp-content\/uploads\/2024\/11\/169-2-300x169.jpg 300w, https:\/\/webjour.iutlan.univ-rennes1.fr\/jercole\/wp-content\/uploads\/2024\/11\/169-2-1024x576.jpg 1024w, https:\/\/webjour.iutlan.univ-rennes1.fr\/jercole\/wp-content\/uploads\/2024\/11\/169-2-1536x864.jpg 1536w, https:\/\/webjour.iutlan.univ-rennes1.fr\/jercole\/wp-content\/uploads\/2024\/11\/169-2.jpg 1900w\" sizes=\"(max-width: 768px) 100vw, 768px\" \/><\/a>\n\t\t\t<\/div><\/figure><figure class='gallery-item'>\n\t\t\t<div class='gallery-icon landscape'>\n\t\t\t\t<a data-elementor-open-lightbox=\"yes\" data-elementor-lightbox-slideshow=\"aafb704\" data-elementor-lightbox-title=\"169 - 3\" data-e-action-hash=\"#elementor-action%3Aaction%3Dlightbox%26settings%3DeyJpZCI6NjYsInVybCI6Imh0dHBzOlwvXC93ZWJqb3VyLml1dGxhbi51bml2LXJlbm5lczEuZnJcL2plcmNvbGVcL3dwLWNvbnRlbnRcL3VwbG9hZHNcLzIwMjRcLzExXC8xNjktMy5qcGciLCJzbGlkZXNob3ciOiJhYWZiNzA0In0%3D\" href='https:\/\/webjour.iutlan.univ-rennes1.fr\/jercole\/wp-content\/uploads\/2024\/11\/169-3.jpg'><img loading=\"lazy\" decoding=\"async\" width=\"768\" height=\"432\" src=\"https:\/\/webjour.iutlan.univ-rennes1.fr\/jercole\/wp-content\/uploads\/2024\/11\/169-3-768x432.jpg\" class=\"attachment-medium_large size-medium_large\" alt=\"\" srcset=\"https:\/\/webjour.iutlan.univ-rennes1.fr\/jercole\/wp-content\/uploads\/2024\/11\/169-3-768x432.jpg 768w, https:\/\/webjour.iutlan.univ-rennes1.fr\/jercole\/wp-content\/uploads\/2024\/11\/169-3-300x169.jpg 300w, https:\/\/webjour.iutlan.univ-rennes1.fr\/jercole\/wp-content\/uploads\/2024\/11\/169-3-1024x576.jpg 1024w, https:\/\/webjour.iutlan.univ-rennes1.fr\/jercole\/wp-content\/uploads\/2024\/11\/169-3-1536x864.jpg 1536w, https:\/\/webjour.iutlan.univ-rennes1.fr\/jercole\/wp-content\/uploads\/2024\/11\/169-3.jpg 1900w\" sizes=\"(max-width: 768px) 100vw, 768px\" \/><\/a>\n\t\t\t<\/div><\/figure>\n\t\t<\/div>\n\t\t<\/div>\n\t\t\t\t\t\t<\/div>\n\t\t\t\t<\/div>\n\t\t\t\t\t<\/div>\n\t\t\t\t<\/div>\n\t\t<div class=\"elementor-element elementor-element-7b20f8d e-flex e-con-boxed e-con e-parent\" data-id=\"7b20f8d\" data-element_type=\"container\" data-e-type=\"container\" data-settings=\"{&quot;_ha_eqh_enable&quot;:false}\">\n\t\t\t\t\t<div class=\"e-con-inner\">\n\t\t\t\t<div class=\"elementor-element elementor-element-5a976d7 elementor-widget elementor-widget-heading\" data-id=\"5a976d7\" data-element_type=\"widget\" data-e-type=\"widget\" data-widget_type=\"heading.default\">\n\t\t\t\t<div class=\"elementor-widget-container\">\n\t\t\t\t\t<h2 class=\"elementor-heading-title elementor-size-default\">Arts de rue<\/h2>\t\t\t\t<\/div>\n\t\t\t\t<\/div>\n\t\t\t\t<div class=\"elementor-element elementor-element-e9d5b8d elementor-widget elementor-widget-image\" data-id=\"e9d5b8d\" data-element_type=\"widget\" data-e-type=\"widget\" data-widget_type=\"image.default\">\n\t\t\t\t<div class=\"elementor-widget-container\">\n\t\t\t\t\t\t\t\t\t\t\t\t\t\t\t<img loading=\"lazy\" decoding=\"async\" width=\"1024\" height=\"341\" src=\"https:\/\/webjour.iutlan.univ-rennes1.fr\/jercole\/wp-content\/uploads\/2024\/11\/Ban-2-1024x341.jpg\" class=\"attachment-large size-large wp-image-56\" alt=\"\" srcset=\"https:\/\/webjour.iutlan.univ-rennes1.fr\/jercole\/wp-content\/uploads\/2024\/11\/Ban-2-1024x341.jpg 1024w, https:\/\/webjour.iutlan.univ-rennes1.fr\/jercole\/wp-content\/uploads\/2024\/11\/Ban-2-300x100.jpg 300w, https:\/\/webjour.iutlan.univ-rennes1.fr\/jercole\/wp-content\/uploads\/2024\/11\/Ban-2-768x256.jpg 768w, https:\/\/webjour.iutlan.univ-rennes1.fr\/jercole\/wp-content\/uploads\/2024\/11\/Ban-2-1536x512.jpg 1536w, https:\/\/webjour.iutlan.univ-rennes1.fr\/jercole\/wp-content\/uploads\/2024\/11\/Ban-2.jpg 1900w\" sizes=\"(max-width: 1024px) 100vw, 1024px\" \/>\t\t\t\t\t\t\t\t\t\t\t\t\t\t\t<\/div>\n\t\t\t\t<\/div>\n\t\t\t\t\t<\/div>\n\t\t\t\t<\/div>\n\t\t<div class=\"elementor-element elementor-element-4860394 e-flex e-con-boxed e-con e-parent\" data-id=\"4860394\" data-element_type=\"container\" data-e-type=\"container\" data-settings=\"{&quot;_ha_eqh_enable&quot;:false}\">\n\t\t\t\t\t<div class=\"e-con-inner\">\n\t\t<div class=\"elementor-element elementor-element-e40bf02 e-con-full e-flex e-con e-child\" data-id=\"e40bf02\" data-element_type=\"container\" data-e-type=\"container\" data-settings=\"{&quot;_ha_eqh_enable&quot;:false}\">\n\t\t\t\t<div class=\"elementor-element elementor-element-b9110d7 elementor-widget elementor-widget-heading\" data-id=\"b9110d7\" data-element_type=\"widget\" data-e-type=\"widget\" id=\"zonecontacts\" data-widget_type=\"heading.default\">\n\t\t\t\t<div class=\"elementor-widget-container\">\n\t\t\t\t\t<h2 class=\"elementor-heading-title elementor-size-default\">Contacts<\/h2>\t\t\t\t<\/div>\n\t\t\t\t<\/div>\n\t\t\t\t<div class=\"elementor-element elementor-element-f05885f elementor-widget elementor-widget-text-editor\" data-id=\"f05885f\" data-element_type=\"widget\" data-e-type=\"widget\" data-widget_type=\"text-editor.default\">\n\t\t\t\t<div class=\"elementor-widget-container\">\n\t\t\t\t\t\t\t\t\t<p>Ce site a \u00e9t\u00e9 r\u00e9alis\u00e9 par les petits doigts boudin\u00e9s de Lolobobo<\/p>\t\t\t\t\t\t\t\t<\/div>\n\t\t\t\t<\/div>\n\t\t\t\t<\/div>\n\t\t<div class=\"elementor-element elementor-element-c7bdc8f e-con-full e-flex e-con e-child\" data-id=\"c7bdc8f\" data-element_type=\"container\" data-e-type=\"container\" data-settings=\"{&quot;_ha_eqh_enable&quot;:false}\">\n\t\t\t\t<div class=\"elementor-element elementor-element-0c8d712 elementor-view-default elementor-widget elementor-widget-icon\" data-id=\"0c8d712\" data-element_type=\"widget\" data-e-type=\"widget\" data-widget_type=\"icon.default\">\n\t\t\t\t<div class=\"elementor-widget-container\">\n\t\t\t\t\t\t\t<div class=\"elementor-icon-wrapper\">\n\t\t\t<div class=\"elementor-icon\">\n\t\t\t<svg aria-hidden=\"true\" class=\"e-font-icon-svg e-fab-instagram\" viewBox=\"0 0 448 512\" xmlns=\"http:\/\/www.w3.org\/2000\/svg\"><path d=\"M224.1 141c-63.6 0-114.9 51.3-114.9 114.9s51.3 114.9 114.9 114.9S339 319.5 339 255.9 287.7 141 224.1 141zm0 189.6c-41.1 0-74.7-33.5-74.7-74.7s33.5-74.7 74.7-74.7 74.7 33.5 74.7 74.7-33.6 74.7-74.7 74.7zm146.4-194.3c0 14.9-12 26.8-26.8 26.8-14.9 0-26.8-12-26.8-26.8s12-26.8 26.8-26.8 26.8 12 26.8 26.8zm76.1 27.2c-1.7-35.9-9.9-67.7-36.2-93.9-26.2-26.2-58-34.4-93.9-36.2-37-2.1-147.9-2.1-184.9 0-35.8 1.7-67.6 9.9-93.9 36.1s-34.4 58-36.2 93.9c-2.1 37-2.1 147.9 0 184.9 1.7 35.9 9.9 67.7 36.2 93.9s58 34.4 93.9 36.2c37 2.1 147.9 2.1 184.9 0 35.9-1.7 67.7-9.9 93.9-36.2 26.2-26.2 34.4-58 36.2-93.9 2.1-37 2.1-147.8 0-184.8zM398.8 388c-7.8 19.6-22.9 34.7-42.6 42.6-29.5 11.7-99.5 9-132.1 9s-102.7 2.6-132.1-9c-19.6-7.8-34.7-22.9-42.6-42.6-11.7-29.5-9-99.5-9-132.1s-2.6-102.7 9-132.1c7.8-19.6 22.9-34.7 42.6-42.6 29.5-11.7 99.5-9 132.1-9s102.7-2.6 132.1 9c19.6 7.8 34.7 22.9 42.6 42.6 11.7 29.5 9 99.5 9 132.1s2.7 102.7-9 132.1z\"><\/path><\/svg>\t\t\t<\/div>\n\t\t<\/div>\n\t\t\t\t\t\t<\/div>\n\t\t\t\t<\/div>\n\t\t\t\t<\/div>\n\t\t<div class=\"elementor-element elementor-element-ad08a51 e-con-full e-flex e-con e-child\" data-id=\"ad08a51\" data-element_type=\"container\" data-e-type=\"container\" data-settings=\"{&quot;_ha_eqh_enable&quot;:false}\">\n\t\t\t\t<div class=\"elementor-element elementor-element-425fe30 elementor-view-default elementor-widget elementor-widget-icon\" data-id=\"425fe30\" data-element_type=\"widget\" data-e-type=\"widget\" data-widget_type=\"icon.default\">\n\t\t\t\t<div class=\"elementor-widget-container\">\n\t\t\t\t\t\t\t<div class=\"elementor-icon-wrapper\">\n\t\t\t<div class=\"elementor-icon\">\n\t\t\t<svg aria-hidden=\"true\" class=\"e-font-icon-svg e-fab-youtube-square\" viewBox=\"0 0 448 512\" xmlns=\"http:\/\/www.w3.org\/2000\/svg\"><path d=\"M186.8 202.1l95.2 54.1-95.2 54.1V202.1zM448 80v352c0 26.5-21.5 48-48 48H48c-26.5 0-48-21.5-48-48V80c0-26.5 21.5-48 48-48h352c26.5 0 48 21.5 48 48zm-42 176.3s0-59.6-7.6-88.2c-4.2-15.8-16.5-28.2-32.2-32.4C337.9 128 224 128 224 128s-113.9 0-142.2 7.7c-15.7 4.2-28 16.6-32.2 32.4-7.6 28.5-7.6 88.2-7.6 88.2s0 59.6 7.6 88.2c4.2 15.8 16.5 27.7 32.2 31.9C110.1 384 224 384 224 384s113.9 0 142.2-7.7c15.7-4.2 28-16.1 32.2-31.9 7.6-28.5 7.6-88.1 7.6-88.1z\"><\/path><\/svg>\t\t\t<\/div>\n\t\t<\/div>\n\t\t\t\t\t\t<\/div>\n\t\t\t\t<\/div>\n\t\t\t\t<\/div>\n\t\t<div class=\"elementor-element elementor-element-613f93f e-con-full e-flex e-con e-child\" data-id=\"613f93f\" data-element_type=\"container\" data-e-type=\"container\" data-settings=\"{&quot;_ha_eqh_enable&quot;:false}\">\n\t\t\t\t<div class=\"elementor-element elementor-element-d4a9aa7 elementor-view-default elementor-widget elementor-widget-icon\" data-id=\"d4a9aa7\" data-element_type=\"widget\" data-e-type=\"widget\" data-widget_type=\"icon.default\">\n\t\t\t\t<div class=\"elementor-widget-container\">\n\t\t\t\t\t\t\t<div class=\"elementor-icon-wrapper\">\n\t\t\t<div class=\"elementor-icon\">\n\t\t\t<svg aria-hidden=\"true\" class=\"e-font-icon-svg e-fas-arrow-circle-up\" viewBox=\"0 0 512 512\" xmlns=\"http:\/\/www.w3.org\/2000\/svg\"><path d=\"M8 256C8 119 119 8 256 8s248 111 248 248-111 248-248 248S8 393 8 256zm143.6 28.9l72.4-75.5V392c0 13.3 10.7 24 24 24h16c13.3 0 24-10.7 24-24V209.4l72.4 75.5c9.3 9.7 24.8 9.9 34.3.4l10.9-11c9.4-9.4 9.4-24.6 0-33.9L273 107.7c-9.4-9.4-24.6-9.4-33.9 0L106.3 240.4c-9.4 9.4-9.4 24.6 0 33.9l10.9 11c9.6 9.5 25.1 9.3 34.4-.4z\"><\/path><\/svg>\t\t\t<\/div>\n\t\t<\/div>\n\t\t\t\t\t\t<\/div>\n\t\t\t\t<\/div>\n\t\t\t\t<\/div>\n\t\t\t\t\t<\/div>\n\t\t\t\t<\/div>\n\t\t\t\t<\/div>\n\t\t","protected":false},"excerpt":{"rendered":"<p>Breathe Love Duo A\u00e9rien Accueil Spectacles Contacts Cependant que l&rsquo;acrobate est en proie \u00e0 l&rsquo;\u00e9quilibre le plus instable,nous faisons un voeu.Et ce voeu est \u00e9trangement double et nul.Nous souhaitons qu&rsquo;il tombe,et nous souhaitons qu&rsquo;il tienne. Paul Val\u00e9ry Cirque Arts de rue Contacts Ce site a \u00e9t\u00e9 r\u00e9alis\u00e9 par les petits doigts boudin\u00e9s de Lolobobo<\/p>\n","protected":false},"author":1,"featured_media":0,"parent":0,"menu_order":0,"comment_status":"closed","ping_status":"closed","template":"elementor_canvas","meta":{"footnotes":""},"class_list":["post-104","page","type-page","status-publish","hentry"],"_links":{"self":[{"href":"https:\/\/webjour.iutlan.univ-rennes1.fr\/jercole\/index.php\/wp-json\/wp\/v2\/pages\/104","targetHints":{"allow":["GET"]}}],"collection":[{"href":"https:\/\/webjour.iutlan.univ-rennes1.fr\/jercole\/index.php\/wp-json\/wp\/v2\/pages"}],"about":[{"href":"https:\/\/webjour.iutlan.univ-rennes1.fr\/jercole\/index.php\/wp-json\/wp\/v2\/types\/page"}],"author":[{"embeddable":true,"href":"https:\/\/webjour.iutlan.univ-rennes1.fr\/jercole\/index.php\/wp-json\/wp\/v2\/users\/1"}],"replies":[{"embeddable":true,"href":"https:\/\/webjour.iutlan.univ-rennes1.fr\/jercole\/index.php\/wp-json\/wp\/v2\/comments?post=104"}],"version-history":[{"count":1,"href":"https:\/\/webjour.iutlan.univ-rennes1.fr\/jercole\/index.php\/wp-json\/wp\/v2\/pages\/104\/revisions"}],"predecessor-version":[{"id":108,"href":"https:\/\/webjour.iutlan.univ-rennes1.fr\/jercole\/index.php\/wp-json\/wp\/v2\/pages\/104\/revisions\/108"}],"wp:attachment":[{"href":"https:\/\/webjour.iutlan.univ-rennes1.fr\/jercole\/index.php\/wp-json\/wp\/v2\/media?parent=104"}],"curies":[{"name":"wp","href":"https:\/\/api.w.org\/{rel}","templated":true}]}}