{"id":35,"date":"2024-10-23T14:24:38","date_gmt":"2024-10-23T12:24:38","guid":{"rendered":"https:\/\/webjour.iutlan.univ-rennes1.fr\/ghonoreguile\/?page_id=35"},"modified":"2024-10-23T14:25:16","modified_gmt":"2024-10-23T12:25:16","slug":"elementor-35","status":"publish","type":"page","link":"https:\/\/webjour.iutlan.univ-rennes1.fr\/ghonoreguile\/index.php\/elementor-35\/","title":{"rendered":"Elementor #35"},"content":{"rendered":"\t\t<div data-elementor-type=\"wp-page\" data-elementor-id=\"35\" class=\"elementor elementor-35\" data-elementor-settings=\"{&quot;ha_cmc_init_switcher&quot;:&quot;no&quot;}\">\n\t\t\t\t<div class=\"elementor-element elementor-element-e66886f e-flex e-con-boxed e-con e-parent\" data-id=\"e66886f\" data-element_type=\"container\" data-e-type=\"container\" data-settings=\"{&quot;_ha_eqh_enable&quot;:false}\">\n\t\t\t\t\t<div class=\"e-con-inner\">\n\t\t\t\t<div class=\"elementor-element elementor-element-a24830a elementor-widget elementor-widget-heading\" data-id=\"a24830a\" data-element_type=\"widget\" data-e-type=\"widget\" data-widget_type=\"heading.default\">\n\t\t\t\t<div class=\"elementor-widget-container\">\n\t\t\t\t\t<h2 class=\"elementor-heading-title elementor-size-default\">Le H\u00e9ron <\/h2>\t\t\t\t<\/div>\n\t\t\t\t<\/div>\n\t\t\t\t\t<\/div>\n\t\t\t\t<\/div>\n\t\t<div class=\"elementor-element elementor-element-e1f5952 e-flex e-con-boxed e-con e-parent\" data-id=\"e1f5952\" data-element_type=\"container\" data-e-type=\"container\" data-settings=\"{&quot;_ha_eqh_enable&quot;:false}\">\n\t\t\t\t\t<div class=\"e-con-inner\">\n\t\t\t\t<div class=\"elementor-element elementor-element-3e5508e elementor-widget elementor-widget-image\" data-id=\"3e5508e\" data-element_type=\"widget\" data-e-type=\"widget\" data-widget_type=\"image.default\">\n\t\t\t\t<div class=\"elementor-widget-container\">\n\t\t\t\t\t\t\t\t\t\t\t\t\t\t\t<img fetchpriority=\"high\" decoding=\"async\" width=\"580\" height=\"580\" src=\"https:\/\/webjour.iutlan.univ-rennes1.fr\/ghonoreguile\/wp-content\/uploads\/2024\/10\/heron-gravure-1024x1024.jpg\" class=\"attachment-large size-large wp-image-37\" alt=\"\" srcset=\"https:\/\/webjour.iutlan.univ-rennes1.fr\/ghonoreguile\/wp-content\/uploads\/2024\/10\/heron-gravure-1024x1024.jpg 1024w, https:\/\/webjour.iutlan.univ-rennes1.fr\/ghonoreguile\/wp-content\/uploads\/2024\/10\/heron-gravure-300x300.jpg 300w, https:\/\/webjour.iutlan.univ-rennes1.fr\/ghonoreguile\/wp-content\/uploads\/2024\/10\/heron-gravure-150x150.jpg 150w, https:\/\/webjour.iutlan.univ-rennes1.fr\/ghonoreguile\/wp-content\/uploads\/2024\/10\/heron-gravure-768x768.jpg 768w, https:\/\/webjour.iutlan.univ-rennes1.fr\/ghonoreguile\/wp-content\/uploads\/2024\/10\/heron-gravure.jpg 1200w\" sizes=\"(max-width: 580px) 100vw, 580px\" \/>\t\t\t\t\t\t\t\t\t\t\t\t\t\t\t<\/div>\n\t\t\t\t<\/div>\n\t\t\t\t\t<\/div>\n\t\t\t\t<\/div>\n\t\t<div class=\"elementor-element elementor-element-3a6fb48 e-flex e-con-boxed e-con e-parent\" data-id=\"3a6fb48\" data-element_type=\"container\" data-e-type=\"container\" data-settings=\"{&quot;_ha_eqh_enable&quot;:false}\">\n\t\t\t\t\t<div class=\"e-con-inner\">\n\t\t\t\t<div class=\"elementor-element elementor-element-aec678e elementor-drop-cap-yes elementor-drop-cap-view-default elementor-widget elementor-widget-text-editor\" data-id=\"aec678e\" data-element_type=\"widget\" data-e-type=\"widget\" data-settings=\"{&quot;drop_cap&quot;:&quot;yes&quot;}\" data-widget_type=\"text-editor.default\">\n\t\t\t\t<div class=\"elementor-widget-container\">\n\t\t\t\t\t\t\t\t\t<main><p>Un jour sur ses longs pieds allait je ne sais o\u00f9<br \/>Le H\u00e9ron au long bec emmanch\u00e9 d\u2019un long cou.<br \/>Il c\u00f4toyait une rivi\u00e8re.<br \/>L\u2019onde \u00e9tait transparente ainsi qu\u2019aux plus beaux jours ;<br \/>Ma comm\u00e8re la Carpe y faisait mille tours<br \/>Avec le Brochet son comp\u00e8re.<br \/>Le H\u00e9ron en e\u00fbt fait ais\u00e9ment son profit :<br \/>Tous approchaient du bord, l\u2019Oiseau n\u2019avait qu\u2019\u00e0 prendre ;<br \/>Mais il crut mieux faire d\u2019attendre<br \/>Qu\u2019il e\u00fbt un peu plus d\u2019app\u00e9tit.<\/p><p>Il vivait de r\u00e9gime, et mangeait \u00e0 ses heures.<br \/>Apr\u00e8s quelques moments l\u2019app\u00e9tit vint ; l\u2019Oiseau<br \/>S\u2019approchant du bord vit sur l\u2019eau<br \/>Des Tanches qui sortaient du fond de ces demeures.<br \/>Le mets ne lui plut pas ; il s\u2019attendait \u00e0 mieux,<br \/>Et montrait un go\u00fbt d\u00e9daigneux<br \/>Comme le Rat du bon Horace.<br \/>Moi des Tanches ? dit-il, moi H\u00e9ron que je fasse<br \/>Une si pauvre ch\u00e8re ? Et pour qui me prend-on ?<\/p><p>La Tanche rebut\u00e9e, il trouva du Goujon.<br \/>Du Goujon ! c\u2019est bien l\u00e0 le d\u00een\u00e9 d\u2019un H\u00e9ron !<br \/>J\u2019ouvrirais pour si peu le bec ! aux Dieux ne plaise !<br \/>Il l\u2019ouvrit pour bien moins : tout alla de fa\u00e7on<br \/>Qu\u2019il ne vit plus aucun Poisson.<br \/>La faim le prit ; il fut tout heureux et tout aise<br \/>De rencontrer un Lima\u00e7on.<\/p><p>Ne soyons pas si difficiles :<br \/>Les plus accommodants, ce sont les plus habiles :<br \/>On hasarde de perdre en voulant trop gagner.<br \/>Gardez-vous de rien d\u00e9daigner ; Surtout quand vous avez \u00e0 peu pr\u00e8s votre compte.<\/p><\/main>\t\t\t\t\t\t\t\t<\/div>\n\t\t\t\t<\/div>\n\t\t\t\t\t<\/div>\n\t\t\t\t<\/div>\n\t\t\t\t<\/div>\n\t\t","protected":false},"excerpt":{"rendered":"<p>Le H\u00e9ron Un jour sur ses longs pieds allait je ne sais o\u00f9Le H\u00e9ron au long bec emmanch\u00e9 d\u2019un long cou.Il c\u00f4toyait une rivi\u00e8re.L\u2019onde \u00e9tait transparente ainsi qu\u2019aux plus beaux jours ;Ma comm\u00e8re la Carpe y faisait mille toursAvec le Brochet son comp\u00e8re.Le H\u00e9ron en e\u00fbt fait ais\u00e9ment son profit :Tous approchaient du bord, l\u2019Oiseau [&hellip;]<\/p>\n","protected":false},"author":1,"featured_media":0,"parent":0,"menu_order":0,"comment_status":"closed","ping_status":"closed","template":"","meta":{"footnotes":""},"class_list":["post-35","page","type-page","status-publish","hentry"],"_links":{"self":[{"href":"https:\/\/webjour.iutlan.univ-rennes1.fr\/ghonoreguile\/index.php\/wp-json\/wp\/v2\/pages\/35","targetHints":{"allow":["GET"]}}],"collection":[{"href":"https:\/\/webjour.iutlan.univ-rennes1.fr\/ghonoreguile\/index.php\/wp-json\/wp\/v2\/pages"}],"about":[{"href":"https:\/\/webjour.iutlan.univ-rennes1.fr\/ghonoreguile\/index.php\/wp-json\/wp\/v2\/types\/page"}],"author":[{"embeddable":true,"href":"https:\/\/webjour.iutlan.univ-rennes1.fr\/ghonoreguile\/index.php\/wp-json\/wp\/v2\/users\/1"}],"replies":[{"embeddable":true,"href":"https:\/\/webjour.iutlan.univ-rennes1.fr\/ghonoreguile\/index.php\/wp-json\/wp\/v2\/comments?post=35"}],"version-history":[{"count":5,"href":"https:\/\/webjour.iutlan.univ-rennes1.fr\/ghonoreguile\/index.php\/wp-json\/wp\/v2\/pages\/35\/revisions"}],"predecessor-version":[{"id":41,"href":"https:\/\/webjour.iutlan.univ-rennes1.fr\/ghonoreguile\/index.php\/wp-json\/wp\/v2\/pages\/35\/revisions\/41"}],"wp:attachment":[{"href":"https:\/\/webjour.iutlan.univ-rennes1.fr\/ghonoreguile\/index.php\/wp-json\/wp\/v2\/media?parent=35"}],"curies":[{"name":"wp","href":"https:\/\/api.w.org\/{rel}","templated":true}]}}