{"id":25,"date":"2024-09-24T21:35:42","date_gmt":"2024-09-24T19:35:42","guid":{"rendered":"https:\/\/webjour.iutlan.univ-rennes1.fr\/eberthier\/?page_id=25"},"modified":"2024-10-05T17:26:26","modified_gmt":"2024-10-05T15:26:26","slug":"veilles","status":"publish","type":"page","link":"https:\/\/webjour.iutlan.univ-rennes1.fr\/eberthier\/index.php\/veilles\/","title":{"rendered":"Veilles"},"content":{"rendered":"\n<p>Ici, vous pouvez retrouver toutes les veilles r\u00e9alis\u00e9es :<\/p>\n\n\n\n<div class=\"wp-block-query alignfull is-layout-flow wp-block-query-is-layout-flow\">\n<div class=\"wp-block-group alignfull is-layout-flow wp-block-group-is-layout-flow\" style=\"padding-top:0;padding-right:0;padding-bottom:0;padding-left:0\">\n<div class=\"wp-block-query has-global-padding is-layout-constrained wp-block-query-is-layout-constrained\"><ul class=\"has-link-color wp-elements-ba50dd72c76fb7eadf601aa99d846ac9 wp-block-post-template has-text-color has-contrast-color is-layout-flow wp-block-post-template-is-layout-flow\"><li class=\"wp-block-post post-205 post type-post status-publish format-standard has-post-thumbnail hentry category-medias category-veilles tag-veilles\">\n<figure style=\"aspect-ratio:auto; padding-top:0;padding-bottom:0;margin-top:0;margin-bottom:0;\" class=\"wp-block-post-featured-image wp-duotone-unset-1 wp-elements-ba50dd72c76fb7eadf601aa99d846ac9\"><a href=\"https:\/\/webjour.iutlan.univ-rennes1.fr\/eberthier\/index.php\/2024\/11\/15\/lesj-paris-rachetee-dont-vincent-bollore-rodolphe-saade-et-bernard-arnault\/\" target=\"_self\"  ><img fetchpriority=\"high\" decoding=\"async\" width=\"1440\" height=\"960\" src=\"https:\/\/webjour.iutlan.univ-rennes1.fr\/eberthier\/wp-content\/uploads\/2024\/11\/25729130lpw-25729440-article-jpg_9991863.jpg\" class=\"attachment-post-thumbnail size-post-thumbnail wp-post-image\" alt=\"L&rsquo;ESJ Paris rachet\u00e9e par des financiers : un \u00e9pisode de plus dans leur conqu\u00eate des m\u00e9dias\" style=\"border-width:3px;width:100%;height:100%;object-fit:cover;\" srcset=\"https:\/\/webjour.iutlan.univ-rennes1.fr\/eberthier\/wp-content\/uploads\/2024\/11\/25729130lpw-25729440-article-jpg_9991863.jpg 1440w, https:\/\/webjour.iutlan.univ-rennes1.fr\/eberthier\/wp-content\/uploads\/2024\/11\/25729130lpw-25729440-article-jpg_9991863-300x200.jpg 300w, https:\/\/webjour.iutlan.univ-rennes1.fr\/eberthier\/wp-content\/uploads\/2024\/11\/25729130lpw-25729440-article-jpg_9991863-1024x683.jpg 1024w, https:\/\/webjour.iutlan.univ-rennes1.fr\/eberthier\/wp-content\/uploads\/2024\/11\/25729130lpw-25729440-article-jpg_9991863-768x512.jpg 768w\" sizes=\"(max-width: 1440px) 100vw, 1440px\" \/><\/a><\/figure>\n\n<h2 style=\"font-style:normal;font-weight:500;\" class=\"wp-block-post-title has-background has-cyan-bluish-gray-background-color\"><a href=\"https:\/\/webjour.iutlan.univ-rennes1.fr\/eberthier\/index.php\/2024\/11\/15\/lesj-paris-rachetee-dont-vincent-bollore-rodolphe-saade-et-bernard-arnault\/\" target=\"_self\" >L&rsquo;ESJ Paris rachet\u00e9e par des financiers : un \u00e9pisode de plus dans leur conqu\u00eate des m\u00e9dias<\/a><\/h2>\n\n<div style=\"padding-top:0;padding-bottom:0;margin-top:0;margin-bottom:0;\" class=\"wp-block-post-date\"><time datetime=\"2024-11-15T16:31:23+01:00\">15 novembre 2024<\/time><\/div>\n<\/li><li class=\"wp-block-post post-184 post type-post status-publish format-standard has-post-thumbnail hentry category-medias category-veilles\">\n<figure style=\"aspect-ratio:auto; padding-top:0;padding-bottom:0;margin-top:0;margin-bottom:0;\" class=\"wp-block-post-featured-image wp-duotone-unset-2 wp-elements-ba50dd72c76fb7eadf601aa99d846ac9\"><a href=\"https:\/\/webjour.iutlan.univ-rennes1.fr\/eberthier\/index.php\/2024\/11\/05\/nrj-global-annonce-commercialiser-les-podcasts-de-konbini\/\" target=\"_self\"  ><img decoding=\"async\" width=\"1920\" height=\"670\" src=\"https:\/\/webjour.iutlan.univ-rennes1.fr\/eberthier\/wp-content\/uploads\/2024\/11\/header-konbini.png\" class=\"attachment-post-thumbnail size-post-thumbnail wp-post-image\" alt=\"NRJ Global annonce commercialiser les podcasts de Konbini\" style=\"border-width:3px;width:100%;height:100%;object-fit:cover;\" srcset=\"https:\/\/webjour.iutlan.univ-rennes1.fr\/eberthier\/wp-content\/uploads\/2024\/11\/header-konbini.png 1920w, https:\/\/webjour.iutlan.univ-rennes1.fr\/eberthier\/wp-content\/uploads\/2024\/11\/header-konbini-300x105.png 300w, https:\/\/webjour.iutlan.univ-rennes1.fr\/eberthier\/wp-content\/uploads\/2024\/11\/header-konbini-1024x357.png 1024w, https:\/\/webjour.iutlan.univ-rennes1.fr\/eberthier\/wp-content\/uploads\/2024\/11\/header-konbini-768x268.png 768w, https:\/\/webjour.iutlan.univ-rennes1.fr\/eberthier\/wp-content\/uploads\/2024\/11\/header-konbini-1536x536.png 1536w\" sizes=\"(max-width: 1920px) 100vw, 1920px\" \/><\/a><\/figure>\n\n<h2 style=\"font-style:normal;font-weight:500;\" class=\"wp-block-post-title has-background has-cyan-bluish-gray-background-color\"><a href=\"https:\/\/webjour.iutlan.univ-rennes1.fr\/eberthier\/index.php\/2024\/11\/05\/nrj-global-annonce-commercialiser-les-podcasts-de-konbini\/\" target=\"_self\" >NRJ Global annonce commercialiser les podcasts de Konbini<\/a><\/h2>\n\n<div style=\"padding-top:0;padding-bottom:0;margin-top:0;margin-bottom:0;\" class=\"wp-block-post-date\"><time datetime=\"2024-11-05T11:55:47+01:00\">5 novembre 2024<\/time><\/div>\n<\/li><li class=\"wp-block-post post-127 post type-post status-publish format-standard has-post-thumbnail hentry category-medias category-veilles tag-veilles\">\n<figure style=\"aspect-ratio:auto; padding-top:0;padding-bottom:0;margin-top:0;margin-bottom:0;\" class=\"wp-block-post-featured-image wp-duotone-unset-3 wp-elements-ba50dd72c76fb7eadf601aa99d846ac9\"><a href=\"https:\/\/webjour.iutlan.univ-rennes1.fr\/eberthier\/index.php\/2024\/10\/22\/intelligence-artificielle-le-groupe-de-presse-ebra-elargie-son-utilisation\/\" target=\"_self\"  ><img decoding=\"async\" width=\"1500\" height=\"1000\" src=\"https:\/\/webjour.iutlan.univ-rennes1.fr\/eberthier\/wp-content\/uploads\/2024\/10\/p13-Capital-travail-IA-PQR_.webp\" class=\"attachment-post-thumbnail size-post-thumbnail wp-post-image\" alt=\"Intelligence Artificielle : le groupe de presse EBRA \u00e9largie son utilisation\" style=\"border-width:3px;width:100%;height:100%;object-fit:cover;\" srcset=\"https:\/\/webjour.iutlan.univ-rennes1.fr\/eberthier\/wp-content\/uploads\/2024\/10\/p13-Capital-travail-IA-PQR_.webp 1500w, https:\/\/webjour.iutlan.univ-rennes1.fr\/eberthier\/wp-content\/uploads\/2024\/10\/p13-Capital-travail-IA-PQR_-300x200.webp 300w, https:\/\/webjour.iutlan.univ-rennes1.fr\/eberthier\/wp-content\/uploads\/2024\/10\/p13-Capital-travail-IA-PQR_-1024x683.webp 1024w, https:\/\/webjour.iutlan.univ-rennes1.fr\/eberthier\/wp-content\/uploads\/2024\/10\/p13-Capital-travail-IA-PQR_-768x512.webp 768w\" sizes=\"(max-width: 1500px) 100vw, 1500px\" \/><\/a><\/figure>\n\n<h2 style=\"font-style:normal;font-weight:500;\" class=\"wp-block-post-title has-background has-cyan-bluish-gray-background-color\"><a href=\"https:\/\/webjour.iutlan.univ-rennes1.fr\/eberthier\/index.php\/2024\/10\/22\/intelligence-artificielle-le-groupe-de-presse-ebra-elargie-son-utilisation\/\" target=\"_self\" >Intelligence Artificielle : le groupe de presse EBRA \u00e9largie son utilisation<\/a><\/h2>\n\n<div style=\"padding-top:0;padding-bottom:0;margin-top:0;margin-bottom:0;\" class=\"wp-block-post-date\"><time datetime=\"2024-10-22T19:03:00+02:00\">22 octobre 2024<\/time><\/div>\n<\/li><li class=\"wp-block-post post-117 post type-post status-publish format-standard has-post-thumbnail hentry category-medias category-veilles\">\n<figure style=\"aspect-ratio:auto; padding-top:0;padding-bottom:0;margin-top:0;margin-bottom:0;\" class=\"wp-block-post-featured-image wp-duotone-unset-4 wp-elements-ba50dd72c76fb7eadf601aa99d846ac9\"><a href=\"https:\/\/webjour.iutlan.univ-rennes1.fr\/eberthier\/index.php\/2024\/10\/09\/etude-inedite-sur-limpact-environnemental-des-usages-audiovisuels-en-france\/\" target=\"_self\"  ><img loading=\"lazy\" decoding=\"async\" width=\"850\" height=\"490\" src=\"https:\/\/webjour.iutlan.univ-rennes1.fr\/eberthier\/wp-content\/uploads\/2024\/10\/0f042fcdecb780ae7bc7002493b79c50.webp\" class=\"attachment-post-thumbnail size-post-thumbnail wp-post-image\" alt=\"\u00c9tude in\u00e9dite sur l&rsquo;impact environnemental des usages audiovisuels en France\" style=\"border-width:3px;width:100%;height:100%;object-fit:cover;\" srcset=\"https:\/\/webjour.iutlan.univ-rennes1.fr\/eberthier\/wp-content\/uploads\/2024\/10\/0f042fcdecb780ae7bc7002493b79c50.webp 850w, https:\/\/webjour.iutlan.univ-rennes1.fr\/eberthier\/wp-content\/uploads\/2024\/10\/0f042fcdecb780ae7bc7002493b79c50-300x173.webp 300w, https:\/\/webjour.iutlan.univ-rennes1.fr\/eberthier\/wp-content\/uploads\/2024\/10\/0f042fcdecb780ae7bc7002493b79c50-768x443.webp 768w, https:\/\/webjour.iutlan.univ-rennes1.fr\/eberthier\/wp-content\/uploads\/2024\/10\/0f042fcdecb780ae7bc7002493b79c50-330x190.webp 330w\" sizes=\"(max-width: 850px) 100vw, 850px\" \/><\/a><\/figure>\n\n<h2 style=\"font-style:normal;font-weight:500;\" class=\"wp-block-post-title has-background has-cyan-bluish-gray-background-color\"><a href=\"https:\/\/webjour.iutlan.univ-rennes1.fr\/eberthier\/index.php\/2024\/10\/09\/etude-inedite-sur-limpact-environnemental-des-usages-audiovisuels-en-france\/\" target=\"_self\" >\u00c9tude in\u00e9dite sur l&rsquo;impact environnemental des usages audiovisuels en France<\/a><\/h2>\n\n<div style=\"padding-top:0;padding-bottom:0;margin-top:0;margin-bottom:0;\" class=\"wp-block-post-date\"><time datetime=\"2024-10-09T09:41:21+02:00\">9 octobre 2024<\/time><\/div>\n<\/li><li class=\"wp-block-post post-82 post type-post status-publish format-standard hentry category-veilles tag-veilles\">\n\n\n<h2 style=\"font-style:normal;font-weight:500;\" class=\"wp-block-post-title has-background has-cyan-bluish-gray-background-color wp-elements-ba50dd72c76fb7eadf601aa99d846ac9\"><a href=\"https:\/\/webjour.iutlan.univ-rennes1.fr\/eberthier\/index.php\/2024\/10\/05\/methodologie-de-la-veille-informationnelle\/\" target=\"_self\" >M\u00e9thodologie de la veille informationnelle<\/a><\/h2>\n\n<div style=\"padding-top:0;padding-bottom:0;margin-top:0;margin-bottom:0;\" class=\"wp-block-post-date\"><time datetime=\"2024-10-05T16:48:16+02:00\">5 octobre 2024<\/time><\/div>\n<\/li><li class=\"wp-block-post post-26 post type-post status-publish format-standard has-post-thumbnail hentry category-medias category-veilles\">\n<figure style=\"aspect-ratio:auto; padding-top:0;padding-bottom:0;margin-top:0;margin-bottom:0;\" class=\"wp-block-post-featured-image wp-duotone-unset-6 wp-elements-ba50dd72c76fb7eadf601aa99d846ac9\"><a href=\"https:\/\/webjour.iutlan.univ-rennes1.fr\/eberthier\/index.php\/2024\/09\/24\/des-journalistes-repondent-a-bernard-arnault-a-la-suite-de-ses-pressions\/\" target=\"_self\"  ><img loading=\"lazy\" decoding=\"async\" width=\"2560\" height=\"1707\" src=\"https:\/\/webjour.iutlan.univ-rennes1.fr\/eberthier\/wp-content\/uploads\/2024\/09\/ABACA_899724_002.jpg-8-scaled.webp\" class=\"attachment-post-thumbnail size-post-thumbnail wp-post-image\" alt=\"Des m\u00e9dias r\u00e9pondent \u00e0 Bernard Arnault \u00e0 la suite de ses pressions\" style=\"border-width:3px;width:100%;height:100%;object-fit:cover;\" srcset=\"https:\/\/webjour.iutlan.univ-rennes1.fr\/eberthier\/wp-content\/uploads\/2024\/09\/ABACA_899724_002.jpg-8-scaled.webp 2560w, https:\/\/webjour.iutlan.univ-rennes1.fr\/eberthier\/wp-content\/uploads\/2024\/09\/ABACA_899724_002.jpg-8-300x200.webp 300w, https:\/\/webjour.iutlan.univ-rennes1.fr\/eberthier\/wp-content\/uploads\/2024\/09\/ABACA_899724_002.jpg-8-1024x683.webp 1024w, https:\/\/webjour.iutlan.univ-rennes1.fr\/eberthier\/wp-content\/uploads\/2024\/09\/ABACA_899724_002.jpg-8-768x512.webp 768w, https:\/\/webjour.iutlan.univ-rennes1.fr\/eberthier\/wp-content\/uploads\/2024\/09\/ABACA_899724_002.jpg-8-1536x1024.webp 1536w, https:\/\/webjour.iutlan.univ-rennes1.fr\/eberthier\/wp-content\/uploads\/2024\/09\/ABACA_899724_002.jpg-8-2048x1365.webp 2048w\" sizes=\"(max-width: 2560px) 100vw, 2560px\" \/><\/a><\/figure>\n\n<h2 style=\"font-style:normal;font-weight:500;\" class=\"wp-block-post-title has-background has-cyan-bluish-gray-background-color\"><a href=\"https:\/\/webjour.iutlan.univ-rennes1.fr\/eberthier\/index.php\/2024\/09\/24\/des-journalistes-repondent-a-bernard-arnault-a-la-suite-de-ses-pressions\/\" target=\"_self\" >Des m\u00e9dias r\u00e9pondent \u00e0 Bernard Arnault \u00e0 la suite de ses pressions<\/a><\/h2>\n\n<div style=\"padding-top:0;padding-bottom:0;margin-top:0;margin-bottom:0;\" class=\"wp-block-post-date\"><time datetime=\"2024-09-24T12:01:54+02:00\">24 septembre 2024<\/time><\/div>\n<\/li><\/ul>\n\n\n\n<\/div>\n<\/div>\n\n\n\n<div class=\"wp-block-group is-layout-flow wp-block-group-is-layout-flow\" style=\"margin-top:0;margin-bottom:0;padding-top:var(--wp--preset--spacing--30);padding-right:16px;padding-bottom:var(--wp--preset--spacing--30);padding-left:16px\"><nav class=\"wp-block-query-pagination is-content-justification-left is-nowrap is-layout-flex wp-container-core-query-pagination-is-layout-fc9f69e7 wp-block-query-pagination-is-layout-flex\" aria-label=\"Pagination\">\n\n\n<a href=\"\/eberthier\/index.php\/wp-json\/wp\/v2\/pages\/25?query-31-page=2\" style=\"text-transform:uppercase;\" class=\"wp-block-query-pagination-next has-small-font-size\">Next<\/a>\n<\/nav><\/div>\n<\/div>\n","protected":false},"excerpt":{"rendered":"<p>Ici, vous pouvez retrouver toutes les veilles r\u00e9alis\u00e9es :<\/p>\n","protected":false},"author":1,"featured_media":0,"parent":0,"menu_order":0,"comment_status":"closed","ping_status":"closed","template":"","meta":{"cybocfi_hide_featured_image":"","footnotes":""},"class_list":["post-25","page","type-page","status-publish","hentry"],"_links":{"self":[{"href":"https:\/\/webjour.iutlan.univ-rennes1.fr\/eberthier\/index.php\/wp-json\/wp\/v2\/pages\/25","targetHints":{"allow":["GET"]}}],"collection":[{"href":"https:\/\/webjour.iutlan.univ-rennes1.fr\/eberthier\/index.php\/wp-json\/wp\/v2\/pages"}],"about":[{"href":"https:\/\/webjour.iutlan.univ-rennes1.fr\/eberthier\/index.php\/wp-json\/wp\/v2\/types\/page"}],"author":[{"embeddable":true,"href":"https:\/\/webjour.iutlan.univ-rennes1.fr\/eberthier\/index.php\/wp-json\/wp\/v2\/users\/1"}],"replies":[{"embeddable":true,"href":"https:\/\/webjour.iutlan.univ-rennes1.fr\/eberthier\/index.php\/wp-json\/wp\/v2\/comments?post=25"}],"version-history":[{"count":12,"href":"https:\/\/webjour.iutlan.univ-rennes1.fr\/eberthier\/index.php\/wp-json\/wp\/v2\/pages\/25\/revisions"}],"predecessor-version":[{"id":116,"href":"https:\/\/webjour.iutlan.univ-rennes1.fr\/eberthier\/index.php\/wp-json\/wp\/v2\/pages\/25\/revisions\/116"}],"wp:attachment":[{"href":"https:\/\/webjour.iutlan.univ-rennes1.fr\/eberthier\/index.php\/wp-json\/wp\/v2\/media?parent=25"}],"curies":[{"name":"wp","href":"https:\/\/api.w.org\/{rel}","templated":true}]}}