{"id":93,"date":"2024-10-24T12:01:20","date_gmt":"2024-10-24T10:01:20","guid":{"rendered":"https:\/\/webjour.iutlan.univ-rennes1.fr\/augentil\/?page_id=93"},"modified":"2024-10-24T12:09:42","modified_gmt":"2024-10-24T10:09:42","slug":"elementor-93","status":"publish","type":"page","link":"https:\/\/webjour.iutlan.univ-rennes1.fr\/augentil\/elementor-93\/","title":{"rendered":"Elementor #93"},"content":{"rendered":"\t\t<div data-elementor-type=\"wp-post\" data-elementor-id=\"93\" class=\"elementor elementor-93\">\n\t\t\t\t<div class=\"elementor-element elementor-element-ba42c30 e-flex e-con-boxed e-con e-parent\" data-id=\"ba42c30\" data-element_type=\"container\" data-e-type=\"container\">\n\t\t\t\t\t<div class=\"e-con-inner\">\n\t\t<div class=\"elementor-element elementor-element-5c0358a e-con-full e-flex e-con e-child\" data-id=\"5c0358a\" data-element_type=\"container\" data-e-type=\"container\">\n\t\t\t\t<div class=\"elementor-element elementor-element-ad528e7 elementor-widget elementor-widget-image\" data-id=\"ad528e7\" data-element_type=\"widget\" data-e-type=\"widget\" data-widget_type=\"image.default\">\n\t\t\t\t<div class=\"elementor-widget-container\">\n\t\t\t\t\t\t\t\t\t\t\t\t\t\t\t<img fetchpriority=\"high\" decoding=\"async\" width=\"1024\" height=\"1024\" src=\"https:\/\/webjour.iutlan.univ-rennes1.fr\/augentil\/wp-content\/uploads\/2024\/10\/heron-gravure-1024x1024.jpg\" class=\"attachment-large size-large wp-image-95\" alt=\"\" srcset=\"https:\/\/webjour.iutlan.univ-rennes1.fr\/augentil\/wp-content\/uploads\/2024\/10\/heron-gravure-1024x1024.jpg 1024w, https:\/\/webjour.iutlan.univ-rennes1.fr\/augentil\/wp-content\/uploads\/2024\/10\/heron-gravure-300x300.jpg 300w, https:\/\/webjour.iutlan.univ-rennes1.fr\/augentil\/wp-content\/uploads\/2024\/10\/heron-gravure-150x150.jpg 150w, https:\/\/webjour.iutlan.univ-rennes1.fr\/augentil\/wp-content\/uploads\/2024\/10\/heron-gravure-768x768.jpg 768w, https:\/\/webjour.iutlan.univ-rennes1.fr\/augentil\/wp-content\/uploads\/2024\/10\/heron-gravure-100x100.jpg 100w, https:\/\/webjour.iutlan.univ-rennes1.fr\/augentil\/wp-content\/uploads\/2024\/10\/heron-gravure-350x350.jpg 350w, https:\/\/webjour.iutlan.univ-rennes1.fr\/augentil\/wp-content\/uploads\/2024\/10\/heron-gravure.jpg 1200w\" sizes=\"(max-width: 1024px) 100vw, 1024px\" \/>\t\t\t\t\t\t\t\t\t\t\t\t\t\t\t<\/div>\n\t\t\t\t<\/div>\n\t\t\t\t<\/div>\n\t\t<div class=\"elementor-element elementor-element-1f08160 e-con-full e-flex e-con e-child\" data-id=\"1f08160\" data-element_type=\"container\" data-e-type=\"container\">\n\t\t\t\t<div class=\"elementor-element elementor-element-5def262 elementor-widget elementor-widget-text-editor\" data-id=\"5def262\" data-element_type=\"widget\" data-e-type=\"widget\" data-widget_type=\"text-editor.default\">\n\t\t\t\t<div class=\"elementor-widget-container\">\n\t\t\t\t\t\t\t\t\t<h2><b>Le H\u00e9ron<\/b><\/h2>\n<h6><i>Jean de la Fontaine,&nbsp;<span style=\"font-family: var( --e-global-typography-text-font-family ), Sans-serif; text-align: var(--text-align);\">Fables Livre VII, fables 4<\/span><\/i><\/h6>\n<p style=\"caret-color: #000000; color: #000000;\">Un jour sur ses longs pieds allait je ne sais o\u00f9<br>Le H\u00e9ron au long bec emmanch\u00e9 d\u2019un long cou.<br>Il c\u00f4toyait une rivi\u00e8re.<br>L\u2019onde \u00e9tait transparente ainsi qu\u2019aux plus beaux jours ;<br>Ma comm\u00e8re la Carpe y faisait mille tours<br>Avec le Brochet son comp\u00e8re.<br>Le H\u00e9ron en e\u00fbt fait ais\u00e9ment son profit :<br>Tous approchaient du bord, l\u2019Oiseau n\u2019avait qu\u2019\u00e0 prendre ;<br>Mais il crut mieux faire d\u2019attendre<br>Qu\u2019il e\u00fbt un peu plus d\u2019app\u00e9tit.<\/p>\n<p style=\"caret-color: #000000; color: #000000;\">Il vivait de r\u00e9gime, et mangeait \u00e0 ses heures.<br>Apr\u00e8s quelques moments l\u2019app\u00e9tit vint ; l\u2019Oiseau<br>S\u2019approchant du bord vit sur l\u2019eau<br>Des Tanches qui sortaient du fond de ces demeures.<br>Le mets ne lui plut pas ; il s\u2019attendait \u00e0 mieux,<br>Et montrait un go\u00fbt d\u00e9daigneux<br>Comme le Rat du bon Horace.<br>Moi des Tanches ? dit-il, moi H\u00e9ron que je fasse<br>Une si pauvre ch\u00e8re ? Et pour qui me prend-on ?<\/p>\n<p style=\"caret-color: #000000; color: #000000;\">La Tanche rebut\u00e9e, il trouva du Goujon.<br>Du Goujon ! c\u2019est bien l\u00e0 le d\u00een\u00e9 d\u2019un H\u00e9ron !<br>J\u2019ouvrirais pour si peu le bec ! aux Dieux ne plaise !<br>Il l\u2019ouvrit pour bien moins : tout alla de fa\u00e7on<br>Qu\u2019il ne vit plus aucun Poisson.<br>La faim le prit ; il fut tout heureux et tout aise<br>De rencontrer un Lima\u00e7on.<\/p>\n<p style=\"caret-color: #000000; color: #000000;\">Ne soyons pas si difficiles :<br>Les plus accommodants, ce sont les plus habiles :<br>On hasarde de perdre en voulant trop gagner.<br>Gardez-vous de rien d\u00e9daigner ; Surtout quand vous avez \u00e0 peu pr\u00e8s votre compte.<\/p>\n<p style=\"caret-color: #000000; color: #000000;\"><br><\/p>\t\t\t\t\t\t\t\t<\/div>\n\t\t\t\t<\/div>\n\t\t\t\t<\/div>\n\t\t\t\t\t<\/div>\n\t\t\t\t<\/div>\n\t\t<div class=\"elementor-element elementor-element-6576de5 e-flex e-con-boxed e-con e-parent\" data-id=\"6576de5\" data-element_type=\"container\" data-e-type=\"container\">\n\t\t\t\t\t<div class=\"e-con-inner\">\n\t\t<div class=\"elementor-element elementor-element-dcbb137 e-con-full e-flex e-con e-child\" data-id=\"dcbb137\" data-element_type=\"container\" data-e-type=\"container\">\n\t\t\t\t<div class=\"elementor-element elementor-element-a7c636f elementor-widget elementor-widget-text-editor\" data-id=\"a7c636f\" data-element_type=\"widget\" data-e-type=\"widget\" data-widget_type=\"text-editor.default\">\n\t\t\t\t<div class=\"elementor-widget-container\">\n\t\t\t\t\t\t\t\t\t<p><span style=\"caret-color: #000000; color: #000000; font-size: medium; font-family: var( --e-global-typography-text-font-family ), Sans-serif; text-align: var(--text-align);\">Biographie de l&rsquo;auteur :<\/span><\/p>\n<p><span style=\"caret-color: #000000; color: #000000; font-size: medium; font-family: var( --e-global-typography-text-font-family ), Sans-serif; text-align: var(--text-align);\"><br><\/span><\/p>\n<p><span style=\"caret-color: #000000; color: #000000; font-size: medium; font-family: var( --e-global-typography-text-font-family ), Sans-serif; text-align: var(--text-align);\">Jean de La Fontaine n\u00e9 le 8 juillet 1621 \u00e0 Ch\u00e2teau-Thierry dans l&rsquo;Aisne, et mort le 13 avril 1695 \u00e0 Paris est un po\u00e8te, fabuliste et romancier fran\u00e7ais qui travaille comme ma\u00eetre des eaux et des for\u00eats.Lors de ses tourn\u00e9es, il observe le comportement des animaux. Cela l&rsquo;inspire pour \u00e9crire des fables. La Fontaine utilise l&rsquo;anthropomorphisme (la personnification): il met en sc\u00e8ne des animaux avec des traits d&rsquo;humains pour critiquer les Hommes.<\/span><\/p>\t\t\t\t\t\t\t\t<\/div>\n\t\t\t\t<\/div>\n\t\t\t\t<\/div>\n\t\t<div class=\"elementor-element elementor-element-bc18fb2 e-con-full e-flex e-con e-child\" data-id=\"bc18fb2\" data-element_type=\"container\" data-e-type=\"container\">\n\t\t\t\t<div class=\"elementor-element elementor-element-9ee5f59 elementor-widget elementor-widget-image\" data-id=\"9ee5f59\" data-element_type=\"widget\" data-e-type=\"widget\" data-widget_type=\"image.default\">\n\t\t\t\t<div class=\"elementor-widget-container\">\n\t\t\t\t\t\t\t\t\t\t\t\t\t\t\t<img decoding=\"async\" width=\"500\" height=\"500\" src=\"https:\/\/webjour.iutlan.univ-rennes1.fr\/augentil\/wp-content\/uploads\/2024\/10\/jean-de-la-fontaine.png\" class=\"attachment-large size-large wp-image-96\" alt=\"\" srcset=\"https:\/\/webjour.iutlan.univ-rennes1.fr\/augentil\/wp-content\/uploads\/2024\/10\/jean-de-la-fontaine.png 500w, https:\/\/webjour.iutlan.univ-rennes1.fr\/augentil\/wp-content\/uploads\/2024\/10\/jean-de-la-fontaine-300x300.png 300w, https:\/\/webjour.iutlan.univ-rennes1.fr\/augentil\/wp-content\/uploads\/2024\/10\/jean-de-la-fontaine-150x150.png 150w, https:\/\/webjour.iutlan.univ-rennes1.fr\/augentil\/wp-content\/uploads\/2024\/10\/jean-de-la-fontaine-100x100.png 100w, https:\/\/webjour.iutlan.univ-rennes1.fr\/augentil\/wp-content\/uploads\/2024\/10\/jean-de-la-fontaine-350x350.png 350w\" sizes=\"(max-width: 500px) 100vw, 500px\" \/>\t\t\t\t\t\t\t\t\t\t\t\t\t\t\t<\/div>\n\t\t\t\t<\/div>\n\t\t\t\t<div class=\"elementor-element elementor-element-3dd3969 elementor-widget elementor-widget-text-editor\" data-id=\"3dd3969\" data-element_type=\"widget\" data-e-type=\"widget\" data-widget_type=\"text-editor.default\">\n\t\t\t\t<div class=\"elementor-widget-container\">\n\t\t\t\t\t\t\t\t\t<p style=\"caret-color: #000000; color: #000000;\"><a style=\"font-family: var( --e-global-typography-text-font-family ), Sans-serif; text-align: var(--text-align);\" href=\"https:\/\/www.chateauversailles.fr\/decouvrir\/histoire\/grands-personnages\/jean-fontaine\" target=\"_blank\" rel=\"noopener\">Lire une biographie complete ici<\/a><\/p>\t\t\t\t\t\t\t\t<\/div>\n\t\t\t\t<\/div>\n\t\t\t\t<\/div>\n\t\t\t\t\t<\/div>\n\t\t\t\t<\/div>\n\t\t\t\t<\/div>\n\t\t","protected":false},"excerpt":{"rendered":"<p>Le H\u00e9ron Jean de la Fontaine,&nbsp;Fables Livre VII, fables 4 Un jour sur ses longs pieds allait je ne sais o\u00f9Le H\u00e9ron au long bec emmanch\u00e9 d\u2019un long cou.Il c\u00f4toyait une rivi\u00e8re.L\u2019onde \u00e9tait transparente ainsi qu\u2019aux plus beaux jours ;Ma comm\u00e8re la Carpe y faisait mille toursAvec le Brochet son comp\u00e8re.Le H\u00e9ron en e\u00fbt fait [&hellip;]<\/p>\n","protected":false},"author":1,"featured_media":0,"parent":0,"menu_order":0,"comment_status":"closed","ping_status":"closed","template":"","meta":{"footnotes":""},"class_list":["post-93","page","type-page","status-publish","hentry"],"_links":{"self":[{"href":"https:\/\/webjour.iutlan.univ-rennes1.fr\/augentil\/wp-json\/wp\/v2\/pages\/93","targetHints":{"allow":["GET"]}}],"collection":[{"href":"https:\/\/webjour.iutlan.univ-rennes1.fr\/augentil\/wp-json\/wp\/v2\/pages"}],"about":[{"href":"https:\/\/webjour.iutlan.univ-rennes1.fr\/augentil\/wp-json\/wp\/v2\/types\/page"}],"author":[{"embeddable":true,"href":"https:\/\/webjour.iutlan.univ-rennes1.fr\/augentil\/wp-json\/wp\/v2\/users\/1"}],"replies":[{"embeddable":true,"href":"https:\/\/webjour.iutlan.univ-rennes1.fr\/augentil\/wp-json\/wp\/v2\/comments?post=93"}],"version-history":[{"count":10,"href":"https:\/\/webjour.iutlan.univ-rennes1.fr\/augentil\/wp-json\/wp\/v2\/pages\/93\/revisions"}],"predecessor-version":[{"id":105,"href":"https:\/\/webjour.iutlan.univ-rennes1.fr\/augentil\/wp-json\/wp\/v2\/pages\/93\/revisions\/105"}],"wp:attachment":[{"href":"https:\/\/webjour.iutlan.univ-rennes1.fr\/augentil\/wp-json\/wp\/v2\/media?parent=93"}],"curies":[{"name":"wp","href":"https:\/\/api.w.org\/{rel}","templated":true}]}}