{"id":26,"date":"2023-11-06T15:25:07","date_gmt":"2023-11-06T14:25:07","guid":{"rendered":"https:\/\/webjour.iutlan.univ-rennes1.fr\/anfremont\/?page_id=26"},"modified":"2023-11-06T15:29:24","modified_gmt":"2023-11-06T14:29:24","slug":"elementor-26","status":"publish","type":"page","link":"https:\/\/webjour.iutlan.univ-rennes1.fr\/anfremont\/?page_id=26","title":{"rendered":"Elementor #26"},"content":{"rendered":"<style>\/*! elementor - v3.17.0 - 25-10-2023 *\/<br \/>\n.elementor-heading-title{padding:0;margin:0;line-height:1}.elementor-widget-heading .elementor-heading-title[class*=elementor-size-]>a{color:inherit;font-size:inherit;line-height:inherit}.elementor-widget-heading .elementor-heading-title.elementor-size-small{font-size:15px}.elementor-widget-heading .elementor-heading-title.elementor-size-medium{font-size:19px}.elementor-widget-heading .elementor-heading-title.elementor-size-large{font-size:29px}.elementor-widget-heading .elementor-heading-title.elementor-size-xl{font-size:39px}.elementor-widget-heading .elementor-heading-title.elementor-size-xxl{font-size:59px}<\/style>\n<h2>Le site de Jane Do<\/h2>\n<h2>Photographe maritime<\/h2>\n<style>\/*! elementor - v3.17.0 - 25-10-2023 *\/<br \/>\n.elementor-widget-image-carousel .swiper,.elementor-widget-image-carousel .swiper-container{position:static}.elementor-widget-image-carousel .swiper-container .swiper-slide figure,.elementor-widget-image-carousel .swiper .swiper-slide figure{line-height:inherit}.elementor-widget-image-carousel .swiper-slide{text-align:center}.elementor-image-carousel-wrapper:not(.swiper-container-initialized):not(.swiper-initialized) .swiper-slide{max-width:calc(100% \/ var(--e-image-carousel-slides-to-show, 3))}<\/style>\n<figure><img decoding=\"async\" src=\"https:\/\/webjour.iutlan.univ-rennes1.fr\/anfremont\/wp-content\/uploads\/2023\/11\/ban.jpg\" alt=\"ban\" \/><\/figure>\n<figure><img decoding=\"async\" src=\"https:\/\/webjour.iutlan.univ-rennes1.fr\/anfremont\/wp-content\/uploads\/2023\/11\/ban2.jpg\" alt=\"ban2\" \/><\/figure>\n<figure><img decoding=\"async\" src=\"https:\/\/webjour.iutlan.univ-rennes1.fr\/anfremont\/wp-content\/uploads\/2023\/11\/ban3.jpg\" alt=\"ban3\" \/><\/figure>\n<figure><img decoding=\"async\" src=\"https:\/\/webjour.iutlan.univ-rennes1.fr\/anfremont\/wp-content\/uploads\/2023\/11\/ban4.jpg\" alt=\"ban4\" \/><\/figure>\n<figure><img decoding=\"async\" src=\"https:\/\/webjour.iutlan.univ-rennes1.fr\/anfremont\/wp-content\/uploads\/2023\/11\/ban5.jpg\" alt=\"ban5\" \/><\/figure>\n<h6><b>Photographie<\/b><\/h6>\n<h6>Inspirations<\/h6>\n<h6>Video<\/h6>\n<h6>Expositions<\/h6>\n<h6>Contacts<\/h6>\n<h2>Photographies<\/h2>\n<style>\/*! elementor - v3.17.0 - 25-10-2023 *\/<br \/>\n.elementor-widget-image{text-align:center}.elementor-widget-image a{display:inline-block}.elementor-widget-image a img[src$=\".svg\"]{width:48px}.elementor-widget-image img{vertical-align:middle;display:inline-block}<\/style>\n<p>\t\t\t\t\t\t\t\t\t\t\t\t<img fetchpriority=\"high\" decoding=\"async\" width=\"640\" height=\"480\" src=\"https:\/\/webjour.iutlan.univ-rennes1.fr\/anfremont\/wp-content\/uploads\/2023\/11\/photo-6.jpg\" alt=\"\" srcset=\"https:\/\/webjour.iutlan.univ-rennes1.fr\/anfremont\/wp-content\/uploads\/2023\/11\/photo-6.jpg 640w, https:\/\/webjour.iutlan.univ-rennes1.fr\/anfremont\/wp-content\/uploads\/2023\/11\/photo-6-300x225.jpg 300w\" sizes=\"(max-width: 640px) 100vw, 640px\" \/><br \/>\n<img decoding=\"async\" width=\"640\" height=\"480\" src=\"https:\/\/webjour.iutlan.univ-rennes1.fr\/anfremont\/wp-content\/uploads\/2023\/11\/photo-5.jpg\" alt=\"\" srcset=\"https:\/\/webjour.iutlan.univ-rennes1.fr\/anfremont\/wp-content\/uploads\/2023\/11\/photo-5.jpg 640w, https:\/\/webjour.iutlan.univ-rennes1.fr\/anfremont\/wp-content\/uploads\/2023\/11\/photo-5-300x225.jpg 300w\" sizes=\"(max-width: 640px) 100vw, 640px\" \/><br \/>\n<img decoding=\"async\" width=\"640\" height=\"480\" src=\"https:\/\/webjour.iutlan.univ-rennes1.fr\/anfremont\/wp-content\/uploads\/2023\/11\/photo-4.jpg\" alt=\"\" srcset=\"https:\/\/webjour.iutlan.univ-rennes1.fr\/anfremont\/wp-content\/uploads\/2023\/11\/photo-4.jpg 640w, https:\/\/webjour.iutlan.univ-rennes1.fr\/anfremont\/wp-content\/uploads\/2023\/11\/photo-4-300x225.jpg 300w\" sizes=\"(max-width: 640px) 100vw, 640px\" \/><br \/>\n<img loading=\"lazy\" decoding=\"async\" width=\"640\" height=\"480\" src=\"https:\/\/webjour.iutlan.univ-rennes1.fr\/anfremont\/wp-content\/uploads\/2023\/11\/photo-3.jpg\" alt=\"\" srcset=\"https:\/\/webjour.iutlan.univ-rennes1.fr\/anfremont\/wp-content\/uploads\/2023\/11\/photo-3.jpg 640w, https:\/\/webjour.iutlan.univ-rennes1.fr\/anfremont\/wp-content\/uploads\/2023\/11\/photo-3-300x225.jpg 300w\" sizes=\"(max-width: 640px) 100vw, 640px\" \/><br \/>\n<img loading=\"lazy\" decoding=\"async\" width=\"640\" height=\"480\" src=\"https:\/\/webjour.iutlan.univ-rennes1.fr\/anfremont\/wp-content\/uploads\/2023\/11\/photo-2.jpg\" alt=\"\" srcset=\"https:\/\/webjour.iutlan.univ-rennes1.fr\/anfremont\/wp-content\/uploads\/2023\/11\/photo-2.jpg 640w, https:\/\/webjour.iutlan.univ-rennes1.fr\/anfremont\/wp-content\/uploads\/2023\/11\/photo-2-300x225.jpg 300w\" sizes=\"(max-width: 640px) 100vw, 640px\" \/><br \/>\n<img loading=\"lazy\" decoding=\"async\" width=\"640\" height=\"480\" src=\"https:\/\/webjour.iutlan.univ-rennes1.fr\/anfremont\/wp-content\/uploads\/2023\/11\/photo-1.jpg\" alt=\"\" srcset=\"https:\/\/webjour.iutlan.univ-rennes1.fr\/anfremont\/wp-content\/uploads\/2023\/11\/photo-1.jpg 640w, https:\/\/webjour.iutlan.univ-rennes1.fr\/anfremont\/wp-content\/uploads\/2023\/11\/photo-1-300x225.jpg 300w\" sizes=\"(max-width: 640px) 100vw, 640px\" \/><\/p>\n<h2>Inspirations<\/h2>\n<style>\/*! elementor - v3.17.0 - 25-10-2023 *\/<br \/>\n.elementor-widget-image-box .elementor-image-box-content{width:100%}@media (min-width:768px){.elementor-widget-image-box.elementor-position-left .elementor-image-box-wrapper,.elementor-widget-image-box.elementor-position-right .elementor-image-box-wrapper{display:flex}.elementor-widget-image-box.elementor-position-right .elementor-image-box-wrapper{text-align:right;flex-direction:row-reverse}.elementor-widget-image-box.elementor-position-left .elementor-image-box-wrapper{text-align:left;flex-direction:row}.elementor-widget-image-box.elementor-position-top .elementor-image-box-img{margin:auto}.elementor-widget-image-box.elementor-vertical-align-top .elementor-image-box-wrapper{align-items:flex-start}.elementor-widget-image-box.elementor-vertical-align-middle .elementor-image-box-wrapper{align-items:center}.elementor-widget-image-box.elementor-vertical-align-bottom .elementor-image-box-wrapper{align-items:flex-end}}@media (max-width:767px){.elementor-widget-image-box .elementor-image-box-img{margin-left:auto!important;margin-right:auto!important;margin-bottom:15px}}.elementor-widget-image-box .elementor-image-box-img{display:inline-block}.elementor-widget-image-box .elementor-image-box-title a{color:inherit}.elementor-widget-image-box .elementor-image-box-wrapper{text-align:center}.elementor-widget-image-box .elementor-image-box-description{margin:0}<\/style>\n<figure><img loading=\"lazy\" decoding=\"async\" width=\"400\" height=\"400\" src=\"https:\/\/webjour.iutlan.univ-rennes1.fr\/anfremont\/wp-content\/uploads\/2023\/11\/portrait-charles-baudelaire-.jpg\" alt=\"\" \/><\/figure>\n<h3>BAUDELAIRE<\/h3>\n<p>Homme libre, toujours tu ch\u00e9riras la mer !<\/p>\n<figure><img loading=\"lazy\" decoding=\"async\" width=\"400\" height=\"400\" src=\"https:\/\/webjour.iutlan.univ-rennes1.fr\/anfremont\/wp-content\/uploads\/2023\/11\/portrait-renaud-sechan.jpg\" alt=\"\" \/><\/figure>\n<h3>Renaud Sechan<\/h3>\n<p>La mer, c&rsquo;est d\u00e9gueulasse Les poissons baisent dedans.&nbsp;<\/p>\n<figure><img loading=\"lazy\" decoding=\"async\" width=\"400\" height=\"400\" src=\"https:\/\/webjour.iutlan.univ-rennes1.fr\/anfremont\/wp-content\/uploads\/2023\/11\/portrait-john-donne.jpg\" alt=\"\" \/><\/figure>\n<h3>John Donne<\/h3>\n<p>La mer est aussi profonde dans le calme que dans la temp\u00eate.<\/p>\n<figure><img loading=\"lazy\" decoding=\"async\" width=\"400\" height=\"400\" src=\"https:\/\/webjour.iutlan.univ-rennes1.fr\/anfremont\/wp-content\/uploads\/2023\/11\/portrait-victor-hugo.jpg\" alt=\"\" \/><\/figure>\n<h3>Victor Hugo<\/h3>\n<p style=\"-webkit-font-smoothing: antialiased; word-break: break-word; overflow-wrap: break-word; border: medium; font-size: var( --e-global-typography-text-font-size ); line-height: var( --e-global-typography-text-line-height ); padding: 0px; text-align: inherit; font-family: &quot;Open Sans&quot;, sans-serif; word-spacing: var( --e-global-typography-text-word-spacing ); color: rgb(0, 0, 0); font-style: italic;\">La mer est un espace de rigueur et de libert\u00e9.<\/p>\n<figure style=\"margin-bottom: 0px; -webkit-font-smoothing: antialiased; word-break: break-word; overflow-wrap: break-word; width: 265px;\"><\/figure>\n<p><br style=\"caret-color: rgb(0, 0, 0); color: rgb(0, 0, 0); text-align: start; white-space: normal;\"><\/p>\n<style>\/*! elementor - v3.17.0 - 25-10-2023 *\/<br \/>\n.elementor-widget-divider{--divider-border-style:none;--divider-border-width:1px;--divider-color:#0c0d0e;--divider-icon-size:20px;--divider-element-spacing:10px;--divider-pattern-height:24px;--divider-pattern-size:20px;--divider-pattern-url:none;--divider-pattern-repeat:repeat-x}.elementor-widget-divider .elementor-divider{display:flex}.elementor-widget-divider .elementor-divider__text{font-size:15px;line-height:1;max-width:95%}.elementor-widget-divider .elementor-divider__element{margin:0 var(--divider-element-spacing);flex-shrink:0}.elementor-widget-divider .elementor-icon{font-size:var(--divider-icon-size)}.elementor-widget-divider .elementor-divider-separator{display:flex;margin:0;direction:ltr}.elementor-widget-divider--view-line_icon .elementor-divider-separator,.elementor-widget-divider--view-line_text .elementor-divider-separator{align-items:center}.elementor-widget-divider--view-line_icon .elementor-divider-separator:after,.elementor-widget-divider--view-line_icon .elementor-divider-separator:before,.elementor-widget-divider--view-line_text .elementor-divider-separator:after,.elementor-widget-divider--view-line_text .elementor-divider-separator:before{display:block;content:\"\";border-bottom:0;flex-grow:1;border-top:var(--divider-border-width) var(--divider-border-style) var(--divider-color)}.elementor-widget-divider--element-align-left .elementor-divider .elementor-divider-separator>.elementor-divider__svg:first-of-type{flex-grow:0;flex-shrink:100}.elementor-widget-divider--element-align-left .elementor-divider-separator:before{content:none}.elementor-widget-divider--element-align-left .elementor-divider__element{margin-left:0}.elementor-widget-divider--element-align-right .elementor-divider .elementor-divider-separator>.elementor-divider__svg:last-of-type{flex-grow:0;flex-shrink:100}.elementor-widget-divider--element-align-right .elementor-divider-separator:after{content:none}.elementor-widget-divider--element-align-right .elementor-divider__element{margin-right:0}.elementor-widget-divider:not(.elementor-widget-divider--view-line_text):not(.elementor-widget-divider--view-line_icon) .elementor-divider-separator{border-top:var(--divider-border-width) var(--divider-border-style) var(--divider-color)}.elementor-widget-divider--separator-type-pattern{--divider-border-style:none}.elementor-widget-divider--separator-type-pattern.elementor-widget-divider--view-line .elementor-divider-separator,.elementor-widget-divider--separator-type-pattern:not(.elementor-widget-divider--view-line) .elementor-divider-separator:after,.elementor-widget-divider--separator-type-pattern:not(.elementor-widget-divider--view-line) .elementor-divider-separator:before,.elementor-widget-divider--separator-type-pattern:not([class*=elementor-widget-divider--view]) .elementor-divider-separator{width:100%;min-height:var(--divider-pattern-height);-webkit-mask-size:var(--divider-pattern-size) 100%;mask-size:var(--divider-pattern-size) 100%;-webkit-mask-repeat:var(--divider-pattern-repeat);mask-repeat:var(--divider-pattern-repeat);background-color:var(--divider-color);-webkit-mask-image:var(--divider-pattern-url);mask-image:var(--divider-pattern-url)}.elementor-widget-divider--no-spacing{--divider-pattern-size:auto}.elementor-widget-divider--bg-round{--divider-pattern-repeat:round}.rtl .elementor-widget-divider .elementor-divider__text{direction:rtl}.e-con-inner>.elementor-widget-divider,.e-con>.elementor-widget-divider{width:var(--container-widget-width,100%);--flex-grow:var(--container-widget-flex-grow)}<\/style>\n<h2><font face=\"Amatic SC, sans-serif\">Vid\u00e9o<\/font><\/h2>\n<p>https:\/\/youtu.be\/JJyg8oY-9rE<\/p>\n<h2>Expositions<\/h2>\n<p><a style=\"-webkit-font-smoothing: antialiased; word-break: break-word; overflow-wrap: break-word; transition: all 0.15s linear; color: #d91146; font-family: Andika, sans-serif; font-size: 15px; letter-spacing: -0.225px; text-align: center;\" href=\"https:\/\/www.parisphoto.com\/\">Festival Paris Photo \u2013 2022&nbsp;<\/a><\/p>\n<p><a href=\"http:\/\/www.imagerie-lannion.com\/\" style=\"-webkit-font-smoothing: antialiased; word-break: break-word; overflow-wrap: break-word; transition: all 0.15s linear; color: rgb(217, 17, 70); font-family: Andika, sans-serif; font-size: 15px; letter-spacing: -0.225px;\">Estivales Photographiques du Tr\u00e9gor -2022<\/a>&nbsp;<\/p>\n<p style=\"-webkit-font-smoothing: antialiased; word-break: break-word; overflow-wrap: break-word; border: medium; font-size: 15px; line-height: 1.5; margin: 0px 0px 10px; padding: 0px; caret-color: rgb(0, 0, 0); color: rgb(0, 0, 0); font-family: Andika, sans-serif; letter-spacing: -0.225px;\"><a href=\"https:\/\/www.rencontres-arles.com\/\" style=\"-webkit-font-smoothing: antialiased; word-break: break-word; overflow-wrap: break-word; transition: all 0.15s linear; color: rgb(217, 17, 70);\">Les Rencontres de la Photographie Arles \u2013 2022<\/a>&nbsp;&nbsp;<\/p>\n<p style=\"-webkit-font-smoothing: antialiased; word-break: break-word; overflow-wrap: break-word; border: medium; font-size: 15px; line-height: 1.5; margin: 0px 0px 10px; padding: 0px; caret-color: rgb(0, 0, 0); color: rgb(0, 0, 0); font-family: Andika, sans-serif; letter-spacing: -0.225px;\"><a href=\"https:\/\/www.loeil-en-seyne.fr\/\" style=\"-webkit-font-smoothing: antialiased; word-break: break-word; overflow-wrap: break-word; transition: all 0.15s linear; color: rgb(217, 17, 70);\">L\u2019\u0152il en Seyne \u2013 2023<\/a>&nbsp;<\/p>\n","protected":false},"excerpt":{"rendered":"<p>Le site de Jane Do Photographe maritime Photographie Inspirations Video Expositions Contacts Photographies Inspirations BAUDELAIRE Homme libre, toujours tu ch\u00e9riras la mer ! Renaud Sechan La mer, c&rsquo;est d\u00e9gueulasse Les poissons baisent dedans.&nbsp; John Donne La mer est aussi profonde dans le calme que dans la temp\u00eate. Victor Hugo La mer est un espace de [&hellip;]<\/p>\n","protected":false},"author":1,"featured_media":0,"parent":0,"menu_order":0,"comment_status":"closed","ping_status":"closed","template":"elementor_canvas","meta":{"footnotes":""},"class_list":["post-26","page","type-page","status-publish","hentry"],"_links":{"self":[{"href":"https:\/\/webjour.iutlan.univ-rennes1.fr\/anfremont\/index.php?rest_route=\/wp\/v2\/pages\/26","targetHints":{"allow":["GET"]}}],"collection":[{"href":"https:\/\/webjour.iutlan.univ-rennes1.fr\/anfremont\/index.php?rest_route=\/wp\/v2\/pages"}],"about":[{"href":"https:\/\/webjour.iutlan.univ-rennes1.fr\/anfremont\/index.php?rest_route=\/wp\/v2\/types\/page"}],"author":[{"embeddable":true,"href":"https:\/\/webjour.iutlan.univ-rennes1.fr\/anfremont\/index.php?rest_route=\/wp\/v2\/users\/1"}],"replies":[{"embeddable":true,"href":"https:\/\/webjour.iutlan.univ-rennes1.fr\/anfremont\/index.php?rest_route=%2Fwp%2Fv2%2Fcomments&post=26"}],"version-history":[{"count":5,"href":"https:\/\/webjour.iutlan.univ-rennes1.fr\/anfremont\/index.php?rest_route=\/wp\/v2\/pages\/26\/revisions"}],"predecessor-version":[{"id":47,"href":"https:\/\/webjour.iutlan.univ-rennes1.fr\/anfremont\/index.php?rest_route=\/wp\/v2\/pages\/26\/revisions\/47"}],"wp:attachment":[{"href":"https:\/\/webjour.iutlan.univ-rennes1.fr\/anfremont\/index.php?rest_route=%2Fwp%2Fv2%2Fmedia&parent=26"}],"curies":[{"name":"wp","href":"https:\/\/api.w.org\/{rel}","templated":true}]}}