{"id":105,"date":"2024-11-08T11:58:14","date_gmt":"2024-11-08T10:58:14","guid":{"rendered":"https:\/\/webjour.iutlan.univ-rennes1.fr\/abex\/?page_id=105"},"modified":"2024-11-08T11:58:33","modified_gmt":"2024-11-08T10:58:33","slug":"depeches-afp","status":"publish","type":"page","link":"https:\/\/webjour.iutlan.univ-rennes1.fr\/abex\/index.php\/depeches-afp\/","title":{"rendered":"DEP\u00caCHES AFP"},"content":{"rendered":"\t\t<div data-elementor-type=\"wp-page\" data-elementor-id=\"105\" class=\"elementor elementor-105\" data-elementor-settings=\"{&quot;ha_cmc_init_switcher&quot;:&quot;no&quot;}\">\n\t\t\t\t<div class=\"elementor-element elementor-element-41b3fa0 e-flex e-con-boxed e-con e-parent\" data-id=\"41b3fa0\" data-element_type=\"container\" data-e-type=\"container\" data-settings=\"{&quot;_ha_eqh_enable&quot;:false}\">\n\t\t\t\t\t<div class=\"e-con-inner\">\n\t\t\t\t<div class=\"elementor-element elementor-element-0440dc0 elementor-widget elementor-widget-text-editor\" data-id=\"0440dc0\" data-element_type=\"widget\" data-e-type=\"widget\" data-widget_type=\"text-editor.default\">\n\t\t\t\t<div class=\"elementor-widget-container\">\n\t\t\t\t\t\t\t\t\t<p>Retrouvez sur cette\u00a0 page toutes le d\u00e9p\u00eaches AFP, celle-ci ne sont pas \u00e0 r\u00e9utiliser comme te il peut s&rsquo;agir de sources d&rsquo;actualit\u00e9 pour un article, mais il est obligatoire de r\u00e9ecrire au minimum l&rsquo;information.\u00a0<\/p>\t\t\t\t\t\t\t\t<\/div>\n\t\t\t\t<\/div>\n\t\t\t\t\t<\/div>\n\t\t\t\t<\/div>\n\t\t<div class=\"elementor-element elementor-element-e076306 e-flex e-con-boxed e-con e-parent\" data-id=\"e076306\" data-element_type=\"container\" data-e-type=\"container\" data-settings=\"{&quot;_ha_eqh_enable&quot;:false}\">\n\t\t\t\t\t<div class=\"e-con-inner\">\n\t\t\t\t<div class=\"elementor-element elementor-element-8b3e411 elementor-widget elementor-widget-wp-widget-recent-posts\" data-id=\"8b3e411\" data-element_type=\"widget\" data-e-type=\"widget\" data-widget_type=\"wp-widget-recent-posts.default\">\n\t\t\t\t<div class=\"elementor-widget-container\">\n\t\t\t\t\t\n\t\t\n\t\t<h5>DEPECHES AFP<\/h5>\n\t\t<ul>\n\t\t\t\t\t\t\t\t\t\t\t<li>\n\t\t\t\t\t<a href=\"https:\/\/webjour.iutlan.univ-rennes1.fr\/abex\/index.php\/2025\/05\/07\/infographie-decouvrez-les-notre-carte-interactive-sur-la-part-des-eleves-du-prive-en-2023\/\">INFOGRAPHIE : D\u00e9couvrez  nos carte interactives<\/a>\n\t\t\t\t\t\t\t\t\t\t\t<span class=\"post-date\">7 mai 2025<\/span>\n\t\t\t\t\t\t\t\t\t<\/li>\n\t\t\t\t\t\t\t\t\t\t\t<li>\n\t\t\t\t\t<a href=\"https:\/\/webjour.iutlan.univ-rennes1.fr\/abex\/index.php\/2025\/05\/05\/guerre-en-ukraine-un-accord-sur-les-minerais-signes-entre-kiev-et-washington\/\">GUERRE EN UKRAINE : Un accord sur les minerais sign\u00e9 entre Kiev et Washington<\/a>\n\t\t\t\t\t\t\t\t\t\t\t<span class=\"post-date\">5 mai 2025<\/span>\n\t\t\t\t\t\t\t\t\t<\/li>\n\t\t\t\t\t\t\t\t\t\t\t<li>\n\t\t\t\t\t<a href=\"https:\/\/webjour.iutlan.univ-rennes1.fr\/abex\/index.php\/2025\/01\/21\/veille-info-partenariat-entre-mystral-et-lafp-quel-avenir-pour-les-journalistes\/\">VEILLE INFO : Partenariat entre Mystral et l&rsquo;AFP, quel avenir pour les journalistes ?<\/a>\n\t\t\t\t\t\t\t\t\t\t\t<span class=\"post-date\">21 janvier 2025<\/span>\n\t\t\t\t\t\t\t\t\t<\/li>\n\t\t\t\t\t\t\t\t\t\t\t<li>\n\t\t\t\t\t<a href=\"https:\/\/webjour.iutlan.univ-rennes1.fr\/abex\/index.php\/2025\/01\/07\/veille-info-attentat-de-charlie-hebdo-le-dessin-de-presse-en-france-menace\/\">VEILLE INFO : \u00ab\u00a0Attentat de Charlie Hebdo\u00a0\u00bb, le dessin de presse en France menac\u00e9 ?<\/a>\n\t\t\t\t\t\t\t\t\t\t\t<span class=\"post-date\">7 janvier 2025<\/span>\n\t\t\t\t\t\t\t\t\t<\/li>\n\t\t\t\t\t\t\t\t\t\t\t<li>\n\t\t\t\t\t<a href=\"https:\/\/webjour.iutlan.univ-rennes1.fr\/abex\/index.php\/2024\/12\/17\/veille-info-un-rapport-alarmant-sur-les-deces-de-journalistes-dans-le-monde-en-2024\/\">VEILLE INFO : Un rapport alarmant sur les d\u00e9c\u00e8s de journalistes dans le monde en 2024<\/a>\n\t\t\t\t\t\t\t\t\t\t\t<span class=\"post-date\">17 d\u00e9cembre 2024<\/span>\n\t\t\t\t\t\t\t\t\t<\/li>\n\t\t\t\t\t\t\t\t\t\t\t<li>\n\t\t\t\t\t<a href=\"https:\/\/webjour.iutlan.univ-rennes1.fr\/abex\/index.php\/2024\/12\/04\/veille-info-rester-sur-x-quel-avenir-pour-les-medias\/\">VEILLE INFO : Rester sur X, quel avenir pour les m\u00e9dias ?<\/a>\n\t\t\t\t\t\t\t\t\t\t\t<span class=\"post-date\">4 d\u00e9cembre 2024<\/span>\n\t\t\t\t\t\t\t\t\t<\/li>\n\t\t\t\t\t\t\t\t\t\t\t<li>\n\t\t\t\t\t<a href=\"https:\/\/webjour.iutlan.univ-rennes1.fr\/abex\/index.php\/2024\/11\/20\/veille-info-radio-france-na-jamais-ete-autant-ecoute\/\">VEILLE INFO : Radio France n&rsquo;a jamais \u00e9t\u00e9 autant \u00e9cout\u00e9<\/a>\n\t\t\t\t\t\t\t\t\t\t\t<span class=\"post-date\">20 novembre 2024<\/span>\n\t\t\t\t\t\t\t\t\t<\/li>\n\t\t\t\t\t\t\t\t\t\t\t<li>\n\t\t\t\t\t<a href=\"https:\/\/webjour.iutlan.univ-rennes1.fr\/abex\/index.php\/2024\/11\/08\/afp-pollution-de-lair-trois-villes-des-balkans-dans-le-top-10-mondial\/\">AFP : Pollution de l&rsquo;air: trois villes des Balkans dans le top 10 mondial<\/a>\n\t\t\t\t\t\t\t\t\t\t\t<span class=\"post-date\">8 novembre 2024<\/span>\n\t\t\t\t\t\t\t\t\t<\/li>\n\t\t\t\t\t\t\t\t\t\t\t<li>\n\t\t\t\t\t<a href=\"https:\/\/webjour.iutlan.univ-rennes1.fr\/abex\/index.php\/2024\/11\/08\/afp-fermeture-de-michelin-a-cholet-et-vannes-des-centaines-de-manifestants-un-ministre-invective\/\">AFP : Fermeture de Michelin \u00e0 Cholet et Vannes: des centaines de manifestants, un ministre invectiv\u00e9<\/a>\n\t\t\t\t\t\t\t\t\t\t\t<span class=\"post-date\">8 novembre 2024<\/span>\n\t\t\t\t\t\t\t\t\t<\/li>\n\t\t\t\t\t\t\t\t\t\t\t<li>\n\t\t\t\t\t<a href=\"https:\/\/webjour.iutlan.univ-rennes1.fr\/abex\/index.php\/2024\/11\/08\/afp-les-bibs-de-michelin-rassembles-a-clermont-ferrand-en-soutien-a-vannes-et-cholet\/\">AFP ; Les \u00ab\u00a0Bibs\u00a0\u00bb de Michelin rassembl\u00e9s \u00e0 Clermont-Ferrand en soutien \u00e0 Vannes et Cholet<\/a>\n\t\t\t\t\t\t\t\t\t\t\t<span class=\"post-date\">8 novembre 2024<\/span>\n\t\t\t\t\t\t\t\t\t<\/li>\n\t\t\t\t\t\t\t\t\t\t\t<li>\n\t\t\t\t\t<a href=\"https:\/\/webjour.iutlan.univ-rennes1.fr\/abex\/index.php\/2024\/11\/08\/afp-la-princesse-kate-confirme-son-retour-avec-des-commemorations-militaires-ce-week-end-2\/\">AFP :La princesse Kate confirme son retour avec des comm\u00e9morations militaires ce week-end<\/a>\n\t\t\t\t\t\t\t\t\t\t\t<span class=\"post-date\">8 novembre 2024<\/span>\n\t\t\t\t\t\t\t\t\t<\/li>\n\t\t\t\t\t\t\t\t\t\t\t<li>\n\t\t\t\t\t<a href=\"https:\/\/webjour.iutlan.univ-rennes1.fr\/abex\/index.php\/2024\/11\/08\/afp-lue-lance-un-chantier-urgent-de-reformes-apres-lelection-de-trump\/\">AFP : L&rsquo;UE lance un chantier \u00ab\u00a0urgent\u00a0\u00bb de r\u00e9formes apr\u00e8s l&rsquo;\u00e9lection de Trump<\/a>\n\t\t\t\t\t\t\t\t\t\t\t<span class=\"post-date\">8 novembre 2024<\/span>\n\t\t\t\t\t\t\t\t\t<\/li>\n\t\t\t\t\t\t\t\t\t\t\t<li>\n\t\t\t\t\t<a href=\"https:\/\/webjour.iutlan.univ-rennes1.fr\/abex\/index.php\/2024\/11\/08\/afp-match-de-foot-france-israel-retailleau-naccepte-pas-de-delocalisation\/\">AFP : Match de foot France-Isra\u00ebl: Retailleau \u00ab\u00a0n&rsquo;accepte pas\u00a0\u00bb de d\u00e9localisation<\/a>\n\t\t\t\t\t\t\t\t\t\t\t<span class=\"post-date\">8 novembre 2024<\/span>\n\t\t\t\t\t\t\t\t\t<\/li>\n\t\t\t\t\t\t\t\t\t\t\t<li>\n\t\t\t\t\t<a href=\"https:\/\/webjour.iutlan.univ-rennes1.fr\/abex\/index.php\/2024\/11\/08\/afp-la-ligne-a-grande-vitesse-paris-lyon-ferme-a-partir-de-vendredi-soir-jusqua-mercredi-matin\/\">AFP : La ligne \u00e0 grande vitesse Paris-Lyon ferme \u00e0 partir de vendredi soir jusqu&rsquo;\u00e0 mercredi matin<\/a>\n\t\t\t\t\t\t\t\t\t\t\t<span class=\"post-date\">8 novembre 2024<\/span>\n\t\t\t\t\t\t\t\t\t<\/li>\n\t\t\t\t\t\t\t\t\t\t\t<li>\n\t\t\t\t\t<a href=\"https:\/\/webjour.iutlan.univ-rennes1.fr\/abex\/index.php\/2024\/11\/08\/afp-en-pleine-crise-lallemagne-plonge-dans-leffervescence-electorale\/\">AFP : En pleine crise, l&rsquo;Allemagne plonge dans l&rsquo;effervescence \u00e9lectorale<\/a>\n\t\t\t\t\t\t\t\t\t\t\t<span class=\"post-date\">8 novembre 2024<\/span>\n\t\t\t\t\t\t\t\t\t<\/li>\n\t\t\t\t\t\t\t\t\t\t\t<li>\n\t\t\t\t\t<a href=\"https:\/\/webjour.iutlan.univ-rennes1.fr\/abex\/index.php\/2024\/11\/08\/afp-a-marseille-retailleau-et-migaud-erigent-en-cause-nationale-la-lutte-contre-le-narcotrafic\/\">AFP : A Marseille, Retailleau et Migaud \u00e9rigent en \u00ab\u00a0cause nationale\u00a0\u00bb la lutte contre le narcotrafic<\/a>\n\t\t\t\t\t\t\t\t\t\t\t<span class=\"post-date\">8 novembre 2024<\/span>\n\t\t\t\t\t\t\t\t\t<\/li>\n\t\t\t\t\t\t\t\t\t\t\t<li>\n\t\t\t\t\t<a href=\"https:\/\/webjour.iutlan.univ-rennes1.fr\/abex\/index.php\/2024\/11\/08\/afp-ligue-1-maupay-a-fait-son-trou-a-lom\/\">AFP :Ligue 1: Maupay a fait son trou \u00e0 l&rsquo;OM<\/a>\n\t\t\t\t\t\t\t\t\t\t\t<span class=\"post-date\">8 novembre 2024<\/span>\n\t\t\t\t\t\t\t\t\t<\/li>\n\t\t\t\t\t\t\t\t\t\t\t<li>\n\t\t\t\t\t<a href=\"https:\/\/webjour.iutlan.univ-rennes1.fr\/abex\/index.php\/2024\/11\/08\/afp-taxis-volants-lile-de-france-renonce-a-subventionner-une-experimentation\/\">AFP : \u00ab\u00a0Taxis volants\u00a0\u00bb: l&rsquo;\u00cele-de-France renonce \u00e0 subventionner une exp\u00e9rimentation<\/a>\n\t\t\t\t\t\t\t\t\t\t\t<span class=\"post-date\">8 novembre 2024<\/span>\n\t\t\t\t\t\t\t\t\t<\/li>\n\t\t\t\t\t\t\t\t\t\t\t<li>\n\t\t\t\t\t<a href=\"https:\/\/webjour.iutlan.univ-rennes1.fr\/abex\/index.php\/2024\/11\/08\/afp-la-princesse-kate-confirme-son-retour-avec-des-commemorations-militaires-ce-week-end\/\">AFP : La princesse Kate confirme son retour avec des comm\u00e9morations militaires ce week-end<\/a>\n\t\t\t\t\t\t\t\t\t\t\t<span class=\"post-date\">8 novembre 2024<\/span>\n\t\t\t\t\t\t\t\t\t<\/li>\n\t\t\t\t\t\t\t\t\t\t\t<li>\n\t\t\t\t\t<a href=\"https:\/\/webjour.iutlan.univ-rennes1.fr\/abex\/index.php\/2024\/11\/06\/veille-info-lhebdomadaire-marianne-et-le-projet-lefranc\/\">VEILLE INFO : L&rsquo;Hebdomadaire \u00ab\u00a0Marianne\u00a0\u00bb et le projet Lefranc<\/a>\n\t\t\t\t\t\t\t\t\t\t\t<span class=\"post-date\">6 novembre 2024<\/span>\n\t\t\t\t\t\t\t\t\t<\/li>\n\t\t\t\t\t\t\t\t\t\t\t<li>\n\t\t\t\t\t<a href=\"https:\/\/webjour.iutlan.univ-rennes1.fr\/abex\/index.php\/2024\/10\/22\/veille-info-les-radios-associatives-dans-la-tourmente-face-au-plf-2025\/\">VEILLE INFO. Les radios associatives dans la tourmente face au PLF 2025.<\/a>\n\t\t\t\t\t\t\t\t\t\t\t<span class=\"post-date\">22 octobre 2024<\/span>\n\t\t\t\t\t\t\t\t\t<\/li>\n\t\t\t\t\t\t\t\t\t\t\t<li>\n\t\t\t\t\t<a href=\"https:\/\/webjour.iutlan.univ-rennes1.fr\/abex\/index.php\/2024\/10\/09\/veille-info-le-retour-de-japprend-linfo-un-programme-jeunesse-de-france-info-et-bayard-jeunesse\/\">VEILLE INFO. Le retour de \u00ab\u00a0J&rsquo;apprend l&rsquo;info\u00a0\u00bb, un programme  jeunesse de France info et Bayard jeunesse<\/a>\n\t\t\t\t\t\t\t\t\t\t\t<span class=\"post-date\">9 octobre 2024<\/span>\n\t\t\t\t\t\t\t\t\t<\/li>\n\t\t\t\t\t\t\t\t\t\t\t<li>\n\t\t\t\t\t<a href=\"https:\/\/webjour.iutlan.univ-rennes1.fr\/abex\/index.php\/2024\/09\/24\/media-ces-propos-de-bernard-arnault-suscitent-lindignation-dans-les-redactions\/\">MEDIA. Ces propos de Bernard Arnault suscitent l&rsquo;indignation dans les r\u00e9dactions<\/a>\n\t\t\t\t\t\t\t\t\t\t\t<span class=\"post-date\">24 septembre 2024<\/span>\n\t\t\t\t\t\t\t\t\t<\/li>\n\t\t\t\t\t\t\t\t\t\t\t<li>\n\t\t\t\t\t<a href=\"https:\/\/webjour.iutlan.univ-rennes1.fr\/abex\/index.php\/2024\/09\/11\/lannion-les-pouvoirs-publics-sactivent-sur-le-projet-de-gestion-de-la-foret-lan-ar-waremm\/\">LANNION. Les pouvoirs publics s&rsquo;activent sur le projet de gestion de la for\u00eat Lan Ar Waremm<\/a>\n\t\t\t\t\t\t\t\t\t\t\t<span class=\"post-date\">11 septembre 2024<\/span>\n\t\t\t\t\t\t\t\t\t<\/li>\n\t\t\t\t\t\t\t\t\t\t\t<li>\n\t\t\t\t\t<a href=\"https:\/\/webjour.iutlan.univ-rennes1.fr\/abex\/index.php\/2024\/09\/11\/lannion-une-vedette-de-la-snsm-sauve-un-homme-a-la-mer\/\">LANNION. Une vedette de la SNSM porte assistance \u00e0 un bateau en d\u00e9tresse pr\u00e8s de Mol\u00e8ne<\/a>\n\t\t\t\t\t\t\t\t\t\t\t<span class=\"post-date\">11 septembre 2024<\/span>\n\t\t\t\t\t\t\t\t\t<\/li>\n\t\t\t\t\t<\/ul>\n\n\t\t\t\t\t\t<\/div>\n\t\t\t\t<\/div>\n\t\t\t\t\t<\/div>\n\t\t\t\t<\/div>\n\t\t\t\t<\/div>\n\t\t","protected":false},"excerpt":{"rendered":"<p>Retrouvez sur cette\u00a0 page toutes le d\u00e9p\u00eaches AFP, celle-ci ne sont pas \u00e0 r\u00e9utiliser comme te il peut s&rsquo;agir de sources d&rsquo;actualit\u00e9 pour un article, mais il est obligatoire de&hellip; <\/p>\n","protected":false},"author":1,"featured_media":0,"parent":0,"menu_order":0,"comment_status":"closed","ping_status":"closed","template":"","meta":{"footnotes":""},"class_list":["post-105","page","type-page","status-publish","hentry"],"_links":{"self":[{"href":"https:\/\/webjour.iutlan.univ-rennes1.fr\/abex\/index.php\/wp-json\/wp\/v2\/pages\/105","targetHints":{"allow":["GET"]}}],"collection":[{"href":"https:\/\/webjour.iutlan.univ-rennes1.fr\/abex\/index.php\/wp-json\/wp\/v2\/pages"}],"about":[{"href":"https:\/\/webjour.iutlan.univ-rennes1.fr\/abex\/index.php\/wp-json\/wp\/v2\/types\/page"}],"author":[{"embeddable":true,"href":"https:\/\/webjour.iutlan.univ-rennes1.fr\/abex\/index.php\/wp-json\/wp\/v2\/users\/1"}],"replies":[{"embeddable":true,"href":"https:\/\/webjour.iutlan.univ-rennes1.fr\/abex\/index.php\/wp-json\/wp\/v2\/comments?post=105"}],"version-history":[{"count":5,"href":"https:\/\/webjour.iutlan.univ-rennes1.fr\/abex\/index.php\/wp-json\/wp\/v2\/pages\/105\/revisions"}],"predecessor-version":[{"id":110,"href":"https:\/\/webjour.iutlan.univ-rennes1.fr\/abex\/index.php\/wp-json\/wp\/v2\/pages\/105\/revisions\/110"}],"wp:attachment":[{"href":"https:\/\/webjour.iutlan.univ-rennes1.fr\/abex\/index.php\/wp-json\/wp\/v2\/media?parent=105"}],"curies":[{"name":"wp","href":"https:\/\/api.w.org\/{rel}","templated":true}]}}